{"id":13146,"date":"2020-05-17T13:24:24","date_gmt":"2020-05-17T10:24:24","guid":{"rendered":"https:\/\/everestkapi.com.tr\/?page_id=13146"},"modified":"2020-05-17T13:24:24","modified_gmt":"2020-05-17T10:24:24","slug":"cerez-politikasi","status":"publish","type":"page","link":"https:\/\/everestkapi.com.tr\/ru\/cerez-politikasi\/","title":{"rendered":"\u00c7EREZ POL\u0130T\u0130KASI"},"content":{"rendered":"<p class=\"qtranxs-available-languages-message qtranxs-available-languages-message-ru\">\u0418\u0437\u0432\u0438\u043d\u0438\u0442\u0435, \u044d\u0442\u043e\u0442 \u0442\u0435\u0445\u0442 \u0434\u043e\u0441\u0442\u0443\u043f\u0435\u043d \u0442\u043e\u043b\u044c\u043a\u043e \u0432 &ldquo;<a href=\"https:\/\/everestkapi.com.tr\/tr\/wp-json\/wp\/v2\/pages\/13146\" class=\"qtranxs-available-language-link qtranxs-available-language-link-tr\" title=\"Turkish\">Turkish<\/a>&rdquo;.<\/p>","protected":false},"excerpt":{"rendered":"","protected":false},"author":1,"featured_media":0,"parent":0,"menu_order":0,"comment_status":"closed","ping_status":"closed","template":"","meta":{"footnotes":""},"class_list":["post-13146","page","type-page","status-publish","hentry"],"_links":{"self":[{"href":"https:\/\/everestkapi.com.tr\/ru\/wp-json\/wp\/v2\/pages\/13146","targetHints":{"allow":["GET"]}}],"collection":[{"href":"https:\/\/everestkapi.com.tr\/ru\/wp-json\/wp\/v2\/pages"}],"about":[{"href":"https:\/\/everestkapi.com.tr\/ru\/wp-json\/wp\/v2\/types\/page"}],"author":[{"embeddable":true,"href":"https:\/\/everestkapi.com.tr\/ru\/wp-json\/wp\/v2\/users\/1"}],"replies":[{"embeddable":true,"href":"https:\/\/everestkapi.com.tr\/ru\/wp-json\/wp\/v2\/comments?post=13146"}],"version-history":[{"count":1,"href":"https:\/\/everestkapi.com.tr\/ru\/wp-json\/wp\/v2\/pages\/13146\/revisions"}],"predecessor-version":[{"id":13147,"href":"https:\/\/everestkapi.com.tr\/ru\/wp-json\/wp\/v2\/pages\/13146\/revisions\/13147"}],"wp:attachment":[{"href":"https:\/\/everestkapi.com.tr\/ru\/wp-json\/wp\/v2\/media?parent=13146"}],"curies":[{"name":"wp","href":"https:\/\/api.w.org\/{rel}","templated":true}]}}