{"id":13136,"date":"2020-05-17T12:54:56","date_gmt":"2020-05-17T09:54:56","guid":{"rendered":"https:\/\/everestkapi.com.tr\/?page_id=13136"},"modified":"2020-05-17T12:54:56","modified_gmt":"2020-05-17T09:54:56","slug":"kisisel-verilerin-korunmasi","status":"publish","type":"page","link":"https:\/\/everestkapi.com.tr\/ru\/kisisel-verilerin-korunmasi\/","title":{"rendered":"K\u0130\u015e\u0130SEL VER\u0130LER\u0130N KORUNMASI"},"content":{"rendered":"<p class=\"qtranxs-available-languages-message qtranxs-available-languages-message-ru\">\u0418\u0437\u0432\u0438\u043d\u0438\u0442\u0435, \u044d\u0442\u043e\u0442 \u0442\u0435\u0445\u0442 \u0434\u043e\u0441\u0442\u0443\u043f\u0435\u043d \u0442\u043e\u043b\u044c\u043a\u043e \u0432 &ldquo;<a href=\"https:\/\/everestkapi.com.tr\/tr\/wp-json\/wp\/v2\/pages\/13136\" class=\"qtranxs-available-language-link qtranxs-available-language-link-tr\" title=\"Turkish\">Turkish<\/a>&rdquo;.<\/p>","protected":false},"excerpt":{"rendered":"","protected":false},"author":1,"featured_media":0,"parent":0,"menu_order":0,"comment_status":"closed","ping_status":"closed","template":"","meta":{"footnotes":""},"class_list":["post-13136","page","type-page","status-publish","hentry"],"_links":{"self":[{"href":"https:\/\/everestkapi.com.tr\/ru\/wp-json\/wp\/v2\/pages\/13136","targetHints":{"allow":["GET"]}}],"collection":[{"href":"https:\/\/everestkapi.com.tr\/ru\/wp-json\/wp\/v2\/pages"}],"about":[{"href":"https:\/\/everestkapi.com.tr\/ru\/wp-json\/wp\/v2\/types\/page"}],"author":[{"embeddable":true,"href":"https:\/\/everestkapi.com.tr\/ru\/wp-json\/wp\/v2\/users\/1"}],"replies":[{"embeddable":true,"href":"https:\/\/everestkapi.com.tr\/ru\/wp-json\/wp\/v2\/comments?post=13136"}],"version-history":[{"count":1,"href":"https:\/\/everestkapi.com.tr\/ru\/wp-json\/wp\/v2\/pages\/13136\/revisions"}],"predecessor-version":[{"id":13137,"href":"https:\/\/everestkapi.com.tr\/ru\/wp-json\/wp\/v2\/pages\/13136\/revisions\/13137"}],"wp:attachment":[{"href":"https:\/\/everestkapi.com.tr\/ru\/wp-json\/wp\/v2\/media?parent=13136"}],"curies":[{"name":"wp","href":"https:\/\/api.w.org\/{rel}","templated":true}]}}