{"id":13099,"date":"2020-05-17T11:37:37","date_gmt":"2020-05-17T08:37:37","guid":{"rendered":"https:\/\/everestkapi.com.tr\/?page_id=13099"},"modified":"2020-12-21T12:15:46","modified_gmt":"2020-12-21T09:15:46","slug":"mail-order-formu","status":"publish","type":"page","link":"https:\/\/everestkapi.com.tr\/ru\/mail-order-formu\/","title":{"rendered":"\u0424\u041e\u0420\u041c\u0410 \u0417\u0410\u041a\u0410\u0417\u0410 \u041f\u041e\u0427\u0422\u042b"},"content":{"rendered":"<p><div class=\"fusion-fullwidth fullwidth-box fusion-builder-row-3 nonhundred-percent-fullwidth non-hundred-percent-height-scrolling\" style=\"--awb-border-radius-top-left:0px;--awb-border-radius-top-right:0px;--awb-border-radius-bottom-right:0px;--awb-border-radius-bottom-left:0px;--awb-flex-wrap:wrap;\" ><div class=\"fusion-builder-row fusion-row\"><div class=\"fusion-layout-column fusion_builder_column fusion-builder-column-4 fusion_builder_column_1_3 1_3 fusion-one-third fusion-column-first\" style=\"--awb-bg-size:cover;width:33.333333333333%;width:calc(33.333333333333% - ( ( 4% ) * 0.33333333333333 ) );margin-right: 4%;\"><div class=\"fusion-column-wrapper fusion-column-has-shadow fusion-flex-column-wrapper-legacy\"><div class=\"fusion-widget fusion-widget-element fusion-widget-area fusion-content-widget-area wpWidget-3 wp_nav_menu_widget\" style=\"--awb-fusion-border-size:0px;--awb-fusion-border-style:solid;\"><div class=\"widget widget_nav_menu\"><div class=\"heading\"><h4 class=\"widget-title\">\u0130LET\u0130\u015e\u0130M<\/h4><\/div><div class=\"menu-iletisim-widget-container\"><ul id=\"menu-iletisim-widget-2\" class=\"menu\"><li class=\"menu-item menu-item-type-post_type menu-item-object-page menu-item-13107\"><a href=\"https:\/\/everestkapi.com.tr\/ru\/bayilik-basvuru-formu\/\">\u0424\u041e\u0420\u041c\u0410 \u0417\u0410\u042f\u0412\u041a\u0418 \u041d\u0410 \u0414\u0418\u041b\u0415\u0420\u0421\u0422\u0412\u041e<\/a><\/li>\n<li class=\"menu-item menu-item-type-post_type menu-item-object-page menu-item-13106\"><a href=\"https:\/\/everestkapi.com.tr\/ru\/mail-order-formu\/\">\u0424\u041e\u0420\u041c\u0410 \u0417\u0410\u041a\u0410\u0417\u0410 \u041f\u041e\u0427\u0422\u042b<\/a><\/li>\n<li class=\"menu-item menu-item-type-post_type menu-item-object-page menu-item-13105\"><a href=\"https:\/\/everestkapi.com.tr\/ru\/fatura-bilgileri\/\">INVOICE INFORMATION AND COMPANY TITLE<\/a><\/li>\n<li class=\"menu-item menu-item-type-post_type menu-item-object-page menu-item-13133\"><a href=\"https:\/\/everestkapi.com.tr\/ru\/is-basvuru-formu\/\">\u0424\u041e\u0420\u041c\u0410 \u0417\u0410\u042f\u0412\u041a\u0418 \u041d\u0410 \u0420\u0410\u0411\u041e\u0422\u0423<\/a><\/li>\n<li class=\"menu-item menu-item-type-post_type menu-item-object-page menu-item-13122\"><a href=\"https:\/\/everestkapi.com.tr\/ru\/iletisim-formu\/\">\u041a\u041e\u041d\u0422\u0410\u041a\u0422\u042b<\/a><\/li>\n<li class=\"menu-item menu-item-type-post_type menu-item-object-page menu-item-13108\"><a href=\"https:\/\/everestkapi.com.tr\/ru\/iletisim\/\">\u041a\u041e\u041d\u0422\u0410\u041a\u0422\u042b<\/a><\/li>\n<\/ul><\/div><\/div><\/div><div class=\"fusion-clearfix\"><\/div><\/div><\/div>\n<div class=\"fusion-layout-column fusion_builder_column fusion-builder-column-5 fusion_builder_column_2_3 2_3 fusion-two-third fusion-column-last\" style=\"--awb-bg-size:cover;width:66.666666666667%;width:calc(66.666666666667% - ( ( 4% ) * 0.66666666666667 ) );\"><div class=\"fusion-column-wrapper fusion-column-has-shadow fusion-flex-column-wrapper-legacy\"><div class=\"fusion-title title fusion-title-3 fusion-title-text fusion-title-size-two\"><h2 class=\"fusion-title-heading title-heading-left fusion-responsive-typography-calculated\" style=\"margin:0;--fontSize:18;--minFontSize:18;line-height:1.5;\">\u0424\u041e\u0420\u041c\u0410 \u0417\u0410\u041a\u0410\u0417\u0410 \u041f\u041e\u0427\u0422\u042b<\/h2><span class=\"awb-title-spacer\"><\/span><div class=\"title-sep-container\"><div class=\"title-sep sep- sep-solid\" style=\"border-color:#e0dede;\"><\/div><\/div><\/div><div class=\"fusion-text fusion-text-3\"><p>Formu PDF olarak bilgisayar\u0131n\u0131za indirmek i\u00e7in <a href=\"https:\/\/everestkapi.com.tr\/Everest-Mail-Order-Formu.pdf\" target=\"_blank\" rel=\"noopener noreferrer\">t\u0131klay\u0131n\u0131z<\/a>.<\/p>\n<\/div><div class=\"fusion-image-element in-legacy-container\" style=\"--awb-caption-title-font-family:var(--h2_typography-font-family);--awb-caption-title-font-weight:var(--h2_typography-font-weight);--awb-caption-title-font-style:var(--h2_typography-font-style);--awb-caption-title-size:var(--h2_typography-font-size);--awb-caption-title-transform:var(--h2_typography-text-transform);--awb-caption-title-line-height:var(--h2_typography-line-height);--awb-caption-title-letter-spacing:var(--h2_typography-letter-spacing);\"><span class=\" fusion-imageframe imageframe-none imageframe-3 hover-type-none\"><a class=\"fusion-no-lightbox\" href=\"https:\/\/everestkapi.com.tr\/Everest-Mail-Order-Formu.pdf\" target=\"_blank\" aria-label=\"Everest-Mail-Order-Formu\" rel=\"noopener noreferrer\"><img decoding=\"async\" width=\"353\" height=\"500\" src=\"https:\/\/everestkapi.com.tr\/wp-content\/uploads\/2020\/05\/Everest-Mail-Order-Formu.jpg\" alt class=\"img-responsive wp-image-13100\" srcset=\"https:\/\/everestkapi.com.tr\/wp-content\/uploads\/2020\/05\/Everest-Mail-Order-Formu-200x283.jpg 200w, https:\/\/everestkapi.com.tr\/wp-content\/uploads\/2020\/05\/Everest-Mail-Order-Formu.jpg 353w\" sizes=\"(max-width: 800px) 100vw, 353px\" \/><\/a><\/span><\/div><div class=\"fusion-clearfix\"><\/div><\/div><\/div><\/div><\/div><\/p>","protected":false},"excerpt":{"rendered":"","protected":false},"author":1,"featured_media":0,"parent":0,"menu_order":0,"comment_status":"closed","ping_status":"closed","template":"","meta":{"footnotes":""},"class_list":["post-13099","page","type-page","status-publish","hentry"],"_links":{"self":[{"href":"https:\/\/everestkapi.com.tr\/ru\/wp-json\/wp\/v2\/pages\/13099","targetHints":{"allow":["GET"]}}],"collection":[{"href":"https:\/\/everestkapi.com.tr\/ru\/wp-json\/wp\/v2\/pages"}],"about":[{"href":"https:\/\/everestkapi.com.tr\/ru\/wp-json\/wp\/v2\/types\/page"}],"author":[{"embeddable":true,"href":"https:\/\/everestkapi.com.tr\/ru\/wp-json\/wp\/v2\/users\/1"}],"replies":[{"embeddable":true,"href":"https:\/\/everestkapi.com.tr\/ru\/wp-json\/wp\/v2\/comments?post=13099"}],"version-history":[{"count":11,"href":"https:\/\/everestkapi.com.tr\/ru\/wp-json\/wp\/v2\/pages\/13099\/revisions"}],"predecessor-version":[{"id":14458,"href":"https:\/\/everestkapi.com.tr\/ru\/wp-json\/wp\/v2\/pages\/13099\/revisions\/14458"}],"wp:attachment":[{"href":"https:\/\/everestkapi.com.tr\/ru\/wp-json\/wp\/v2\/media?parent=13099"}],"curies":[{"name":"wp","href":"https:\/\/api.w.org\/{rel}","templated":true}]}}