{"id":13096,"date":"2020-05-17T02:25:31","date_gmt":"2020-05-16T23:25:31","guid":{"rendered":"https:\/\/everestkapi.com.tr\/?page_id=13096"},"modified":"2020-12-21T12:11:03","modified_gmt":"2020-12-21T09:11:03","slug":"bayilik-basvuru-formu","status":"publish","type":"page","link":"https:\/\/everestkapi.com.tr\/ru\/bayilik-basvuru-formu\/","title":{"rendered":"\u0424\u041e\u0420\u041c\u0410 \u0417\u0410\u042f\u0412\u041a\u0418 \u041d\u0410 \u0414\u0418\u041b\u0415\u0420\u0421\u0422\u0412\u041e"},"content":{"rendered":"<p><div class=\"fusion-fullwidth fullwidth-box fusion-builder-row-3 nonhundred-percent-fullwidth non-hundred-percent-height-scrolling\" style=\"--awb-border-radius-top-left:0px;--awb-border-radius-top-right:0px;--awb-border-radius-bottom-right:0px;--awb-border-radius-bottom-left:0px;--awb-flex-wrap:wrap;\" ><div class=\"fusion-builder-row fusion-row\"><div class=\"fusion-layout-column fusion_builder_column fusion-builder-column-4 fusion_builder_column_1_3 1_3 fusion-one-third fusion-column-first\" style=\"--awb-bg-size:cover;width:33.333333333333%;width:calc(33.333333333333% - ( ( 4% ) * 0.33333333333333 ) );margin-right: 4%;\"><div class=\"fusion-column-wrapper fusion-column-has-shadow fusion-flex-column-wrapper-legacy\"><div class=\"fusion-widget fusion-widget-element fusion-widget-area fusion-content-widget-area wpWidget-3 wp_nav_menu_widget\" style=\"--awb-fusion-border-size:0px;--awb-fusion-border-style:solid;\"><div class=\"widget widget_nav_menu\"><div class=\"heading\"><h4 class=\"widget-title\">\u0130LET\u0130\u015e\u0130M<\/h4><\/div><div class=\"menu-iletisim-widget-container\"><ul id=\"menu-iletisim-widget-2\" class=\"menu\"><li class=\"menu-item menu-item-type-post_type menu-item-object-page menu-item-13107\"><a href=\"https:\/\/everestkapi.com.tr\/ru\/bayilik-basvuru-formu\/\">\u0424\u041e\u0420\u041c\u0410 \u0417\u0410\u042f\u0412\u041a\u0418 \u041d\u0410 \u0414\u0418\u041b\u0415\u0420\u0421\u0422\u0412\u041e<\/a><\/li>\n<li class=\"menu-item menu-item-type-post_type menu-item-object-page menu-item-13106\"><a href=\"https:\/\/everestkapi.com.tr\/ru\/mail-order-formu\/\">\u0424\u041e\u0420\u041c\u0410 \u0417\u0410\u041a\u0410\u0417\u0410 \u041f\u041e\u0427\u0422\u042b<\/a><\/li>\n<li class=\"menu-item menu-item-type-post_type menu-item-object-page menu-item-13105\"><a href=\"https:\/\/everestkapi.com.tr\/ru\/fatura-bilgileri\/\">INVOICE INFORMATION AND COMPANY TITLE<\/a><\/li>\n<li class=\"menu-item menu-item-type-post_type menu-item-object-page menu-item-13133\"><a href=\"https:\/\/everestkapi.com.tr\/ru\/is-basvuru-formu\/\">\u0424\u041e\u0420\u041c\u0410 \u0417\u0410\u042f\u0412\u041a\u0418 \u041d\u0410 \u0420\u0410\u0411\u041e\u0422\u0423<\/a><\/li>\n<li class=\"menu-item menu-item-type-post_type menu-item-object-page menu-item-13122\"><a href=\"https:\/\/everestkapi.com.tr\/ru\/iletisim-formu\/\">\u041a\u041e\u041d\u0422\u0410\u041a\u0422\u042b<\/a><\/li>\n<li class=\"menu-item menu-item-type-post_type menu-item-object-page menu-item-13108\"><a href=\"https:\/\/everestkapi.com.tr\/ru\/iletisim\/\">\u041a\u041e\u041d\u0422\u0410\u041a\u0422\u042b<\/a><\/li>\n<\/ul><\/div><\/div><\/div><div class=\"fusion-clearfix\"><\/div><\/div><\/div>\n<div class=\"fusion-layout-column fusion_builder_column fusion-builder-column-5 fusion_builder_column_2_3 2_3 fusion-two-third fusion-column-last\" style=\"--awb-bg-size:cover;width:66.666666666667%;width:calc(66.666666666667% - ( ( 4% ) * 0.66666666666667 ) );\"><div class=\"fusion-column-wrapper fusion-column-has-shadow fusion-flex-column-wrapper-legacy\"><div class=\"fusion-title title fusion-title-3 fusion-title-text fusion-title-size-two\"><h2 class=\"fusion-title-heading title-heading-left fusion-responsive-typography-calculated\" style=\"margin:0;--fontSize:18;--minFontSize:18;line-height:1.5;\">\u0424\u041e\u0420\u041c\u0410 \u0417\u0410\u042f\u0412\u041a\u0418 \u041d\u0410 \u0414\u0418\u041b\u0415\u0420\u0421\u0422\u0412\u041e<\/h2><span class=\"awb-title-spacer\"><\/span><div class=\"title-sep-container\"><div class=\"title-sep sep- sep-solid\" style=\"border-color:#e0dede;\"><\/div><\/div><\/div>\n<div class=\"wpcf7 no-js\" id=\"wpcf7-f13094-o3\" lang=\"tr-TR\" dir=\"ltr\" data-wpcf7-id=\"13094\">\n<div class=\"screen-reader-response\"><p role=\"status\" aria-live=\"polite\" aria-atomic=\"true\"><\/p> <ul><\/ul><\/div>\n<form action=\"\/ru\/wp-json\/wp\/v2\/pages\/13096#wpcf7-f13094-o3\" method=\"post\" class=\"wpcf7-form init\" aria-label=\"\u0130leti\u015fim Formu\" novalidate=\"novalidate\" data-status=\"init\">\n<fieldset class=\"hidden-fields-container\"><input type=\"hidden\" name=\"_wpcf7\" value=\"13094\" \/><input type=\"hidden\" name=\"_wpcf7_version\" value=\"6.1.2\" \/><input type=\"hidden\" name=\"_wpcf7_locale\" value=\"tr_TR\" \/><input type=\"hidden\" name=\"_wpcf7_unit_tag\" value=\"wpcf7-f13094-o3\" \/><input type=\"hidden\" name=\"_wpcf7_container_post\" value=\"0\" \/><input type=\"hidden\" name=\"_wpcf7_posted_data_hash\" value=\"\" \/>\n<\/fieldset>\n<p><label>Ad Soyad(gerekli)<br \/>\n<span class=\"wpcf7-form-control-wrap\" data-name=\"ad-soyad\"><input size=\"40\" maxlength=\"400\" class=\"wpcf7-form-control wpcf7-text wpcf7-validates-as-required\" aria-required=\"true\" aria-invalid=\"false\" value=\"\" type=\"text\" name=\"ad-soyad\" \/><\/span> <\/label>\n<\/p>\n<p><label> E-posta adresiniz (gerekli)<br \/>\n<span class=\"wpcf7-form-control-wrap\" data-name=\"email-adresi\"><input size=\"40\" maxlength=\"400\" class=\"wpcf7-form-control wpcf7-email wpcf7-validates-as-required wpcf7-text wpcf7-validates-as-email\" aria-required=\"true\" aria-invalid=\"false\" value=\"\" type=\"email\" name=\"email-adresi\" \/><\/span> <\/label>\n<\/p>\n<p><label> Firma \u00dcnvan\u0131<br \/>\n<span class=\"wpcf7-form-control-wrap\" data-name=\"firma-unvani\"><input size=\"40\" maxlength=\"400\" class=\"wpcf7-form-control wpcf7-text\" aria-invalid=\"false\" value=\"\" type=\"text\" name=\"firma-unvani\" \/><\/span> <\/label>\n<\/p>\n<p><label> Telefon<br \/>\n<span class=\"wpcf7-form-control-wrap\" data-name=\"telefon-no\"><input size=\"40\" maxlength=\"400\" class=\"wpcf7-form-control wpcf7-tel wpcf7-validates-as-required wpcf7-text wpcf7-validates-as-tel\" aria-required=\"true\" aria-invalid=\"false\" value=\"\" type=\"tel\" name=\"telefon-no\" \/><\/span> <\/label>\n<\/p>\n<p><label> Adres<br \/>\n<span class=\"wpcf7-form-control-wrap\" data-name=\"adres\"><textarea cols=\"40\" rows=\"10\" maxlength=\"2000\" class=\"wpcf7-form-control wpcf7-textarea\" aria-invalid=\"false\" name=\"adres\"><\/textarea><\/span> <\/label>\n<\/p>\n<p><label> \u015eehir<br \/>\n<span class=\"wpcf7-form-control-wrap\" data-name=\"sehir\"><input size=\"40\" maxlength=\"400\" class=\"wpcf7-form-control wpcf7-text\" aria-invalid=\"false\" value=\"\" type=\"text\" name=\"sehir\" \/><\/span> <\/label>\n<\/p>\n<p><label> \u0130l\u00e7e<br \/>\n<span class=\"wpcf7-form-control-wrap\" data-name=\"ilce\"><input size=\"40\" maxlength=\"400\" class=\"wpcf7-form-control wpcf7-text\" aria-invalid=\"false\" value=\"\" type=\"text\" name=\"ilce\" \/><\/span> <\/label>\n<\/p>\n<p><label> Ma\u011faza B\u00fcy\u00fckl\u00fc\u011f\u00fc (m2)<br \/>\n<span class=\"wpcf7-form-control-wrap\" data-name=\"magaza-metrekare\"><input class=\"wpcf7-form-control wpcf7-number wpcf7-validates-as-required wpcf7-validates-as-number\" aria-required=\"true\" aria-invalid=\"false\" value=\"\" type=\"number\" name=\"magaza-metrekare\" \/><\/span> <\/label>\n<\/p>\n<p><label> Ma\u011faza Durumu<br \/>\n<span class=\"wpcf7-form-control-wrap\" data-name=\"kira-mulk\"><span class=\"wpcf7-form-control wpcf7-radio\"><span class=\"wpcf7-list-item first\"><input type=\"radio\" name=\"kira-mulk\" value=\"Kira\" checked=\"checked\" \/><span class=\"wpcf7-list-item-label\">Kira<\/span><\/span><span class=\"wpcf7-list-item last\"><input type=\"radio\" name=\"kira-mulk\" value=\"M\u00fclk\" \/><span class=\"wpcf7-list-item-label\">M\u00fclk<\/span><\/span><\/span><\/span> <\/label>\n<\/p>\n<p><label> Ek A\u00e7\u0131klamalar<br \/>\n<span class=\"wpcf7-form-control-wrap\" data-name=\"ek-aciklama\"><textarea cols=\"40\" rows=\"10\" maxlength=\"2000\" class=\"wpcf7-form-control wpcf7-textarea\" aria-invalid=\"false\" name=\"ek-aciklama\"><\/textarea><\/span> <\/label>\n<\/p>\n<p><input class=\"wpcf7-form-control wpcf7-submit has-spinner\" type=\"submit\" value=\"G\u00f6nder\" \/>\n<\/p><div class=\"fusion-alert alert custom alert-custom fusion-alert-center wpcf7-response-output fusion-alert-capitalize awb-alert-native-link-color alert-dismissable awb-alert-close-boxed\" style=\"--awb-border-size:1px;--awb-border-top-left-radius:0px;--awb-border-top-right-radius:0px;--awb-border-bottom-left-radius:0px;--awb-border-bottom-right-radius:0px;\" role=\"alert\"><div class=\"fusion-alert-content-wrapper\"><span class=\"fusion-alert-content\"><\/span><\/div><button type=\"button\" class=\"close toggle-alert\" data-dismiss=\"alert\" aria-label=\"Close\">&times;<\/button><\/div>\n<\/form>\n<\/div>\n<div class=\"fusion-clearfix\"><\/div><\/div><\/div><\/div><\/div><\/p>","protected":false},"excerpt":{"rendered":"","protected":false},"author":1,"featured_media":0,"parent":0,"menu_order":0,"comment_status":"closed","ping_status":"closed","template":"","meta":{"footnotes":""},"class_list":["post-13096","page","type-page","status-publish","hentry"],"_links":{"self":[{"href":"https:\/\/everestkapi.com.tr\/ru\/wp-json\/wp\/v2\/pages\/13096","targetHints":{"allow":["GET"]}}],"collection":[{"href":"https:\/\/everestkapi.com.tr\/ru\/wp-json\/wp\/v2\/pages"}],"about":[{"href":"https:\/\/everestkapi.com.tr\/ru\/wp-json\/wp\/v2\/types\/page"}],"author":[{"embeddable":true,"href":"https:\/\/everestkapi.com.tr\/ru\/wp-json\/wp\/v2\/users\/1"}],"replies":[{"embeddable":true,"href":"https:\/\/everestkapi.com.tr\/ru\/wp-json\/wp\/v2\/comments?post=13096"}],"version-history":[{"count":13,"href":"https:\/\/everestkapi.com.tr\/ru\/wp-json\/wp\/v2\/pages\/13096\/revisions"}],"predecessor-version":[{"id":14455,"href":"https:\/\/everestkapi.com.tr\/ru\/wp-json\/wp\/v2\/pages\/13096\/revisions\/14455"}],"wp:attachment":[{"href":"https:\/\/everestkapi.com.tr\/ru\/wp-json\/wp\/v2\/media?parent=13096"}],"curies":[{"name":"wp","href":"https:\/\/api.w.org\/{rel}","templated":true}]}}