{"id":13091,"date":"2020-05-17T02:08:48","date_gmt":"2020-05-16T23:08:48","guid":{"rendered":"https:\/\/everestkapi.com.tr\/?page_id=13091"},"modified":"2021-10-06T09:02:21","modified_gmt":"2021-10-06T06:02:21","slug":"kalite-politikasi","status":"publish","type":"page","link":"https:\/\/everestkapi.com.tr\/fr\/kalite-politikasi\/","title":{"rendered":"Certificat"},"content":{"rendered":"<p><div class=\"fusion-fullwidth fullwidth-box fusion-builder-row-5 hundred-percent-fullwidth non-hundred-percent-height-scrolling\" style=\"--awb-border-radius-top-left:0px;--awb-border-radius-top-right:0px;--awb-border-radius-bottom-right:0px;--awb-border-radius-bottom-left:0px;--awb-padding-bottom:90px;--awb-flex-wrap:wrap;\" ><div class=\"fusion-builder-row fusion-row\"><div class=\"fusion-layout-column fusion_builder_column fusion-builder-column-8 fusion_builder_column_1_2 1_2 fusion-one-half fusion-column-first fusion-column-no-min-height\" style=\"--awb-bg-size:cover;--awb-margin-top:-40px;--awb-margin-bottom:0px;width:48%; margin-right: 4%;\"><div class=\"fusion-column-wrapper fusion-column-has-shadow fusion-flex-column-wrapper-legacy\"><div class=\"fusion-title title fusion-title-5 fusion-title-text fusion-title-size-one\"><h1 class=\"fusion-title-heading title-heading-left fusion-responsive-typography-calculated\" style=\"margin:0;--fontSize:33;line-height:1.45;\"><p class=\"p1\">Notre Politique Qualite<\/p><\/h1><span class=\"awb-title-spacer\"><\/span><div class=\"title-sep-container\"><div class=\"title-sep sep- sep-solid\" style=\"border-color:#e0dede;\"><\/div><\/div><\/div><div class=\"fusion-sep-clear\"><\/div><div class=\"fusion-separator fusion-full-width-sep\" style=\"margin-left: auto;margin-right: auto;margin-top:30px;margin-bottom:30px;width:100%;\"><div class=\"fusion-separator-border sep-single sep-solid\" style=\"--awb-height:20px;--awb-amount:20px;border-color:#e0dede;border-top-width:1px;\"><\/div><\/div><div class=\"fusion-sep-clear\"><\/div><ul style=\"--awb-line-height:23.8px;--awb-icon-width:23.8px;--awb-icon-height:23.8px;--awb-icon-margin:9.8px;--awb-content-margin:33.6px;--awb-circlecolor:#e80018;--awb-circle-yes-font-size:12.32px;\" class=\"fusion-checklist fusion-checklist-5 fusion-checklist-default type-icons\"><li class=\"fusion-li-item\" style=\"\"><span class=\"icon-wrapper circle-yes\"><i class=\"fusion-li-icon fa-thumbs-up fas\" aria-hidden=\"true\"><\/i><\/span><div class=\"fusion-li-item-content\">\n<p class=\"p1\">En tant que Everest, toujours \u00eatre leader du secteur en utilisant la plus haute technologie,<\/p>\n<\/div><\/li><li class=\"fusion-li-item\" style=\"\"><span class=\"icon-wrapper circle-yes\"><i class=\"fusion-li-icon fa-thumbs-up fas\" aria-hidden=\"true\"><\/i><\/span><div class=\"fusion-li-item-content\">\n<p class=\"p1\">Etre une marque recommand\u00e9e par le client, non pas se contenter uniquement de la satisfaction du client,<\/p>\n<\/div><\/li><li class=\"fusion-li-item\" style=\"\"><span class=\"icon-wrapper circle-yes\"><i class=\"fusion-li-icon fa-thumbs-up fas\" aria-hidden=\"true\"><\/i><\/span><div class=\"fusion-li-item-content\">\n<p class=\"p1\">Se conformer \u00e0 la l\u00e9gislation et aux normes nationales et internationales lors de l&rsquo;ex\u00e9cution des activit\u00e9s de production,<\/p>\n<\/div><\/li><li class=\"fusion-li-item\" style=\"\"><span class=\"icon-wrapper circle-yes\"><i class=\"fusion-li-icon fa-thumbs-up fas\" aria-hidden=\"true\"><\/i><\/span><div class=\"fusion-li-item-content\">\n<p class=\"p1\">Am\u00e9liorer en permanence le syst\u00e8me de management de la qualit\u00e9 et ne faire en aucun cas de compromis sur la qualit\u00e9,<\/p>\n<\/div><\/li><li class=\"fusion-li-item\" style=\"\"><span class=\"icon-wrapper circle-yes\"><i class=\"fusion-li-icon fa-thumbs-up fas\" aria-hidden=\"true\"><\/i><\/span><div class=\"fusion-li-item-content\">\n<p class=\"p1\">Planification \u00e0 long terme de nos conceptions conform\u00e9ment aux normes modernes, ergonomiques, esth\u00e9tiques et sur lesquelles nous nous appuyons,<\/p>\n<\/div><\/li><li class=\"fusion-li-item\" style=\"\"><span class=\"icon-wrapper circle-yes\"><i class=\"fusion-li-icon fa-thumbs-up fas\" aria-hidden=\"true\"><\/i><\/span><div class=\"fusion-li-item-content\">\n<p class=\"p1\">Augmenter notre niveau de qualit\u00e9 en observant constamment la comp\u00e9tence de nos employ\u00e9s, en appliquant le travail d&rsquo;\u00e9quipe afin d&rsquo;augmenter leurs capacit\u00e9s,<\/p>\n<\/div><\/li><li class=\"fusion-li-item\" style=\"\"><span class=\"icon-wrapper circle-yes\"><i class=\"fusion-li-icon fa-thumbs-up fas\" aria-hidden=\"true\"><\/i><\/span><div class=\"fusion-li-item-content\">\n<p class=\"p1\">\u00catre une marque privil\u00e9gi\u00e9e \u00e0 l&rsquo;\u00e9tranger, tout en contribuant \u00e0 l&rsquo;\u00e9conomie nationale avec nos exportations,<\/p>\n<\/div><\/li><li class=\"fusion-li-item\" style=\"\"><span class=\"icon-wrapper circle-yes\"><i class=\"fusion-li-icon fa-thumbs-up fas\" aria-hidden=\"true\"><\/i><\/span><div class=\"fusion-li-item-content\">\n<p class=\"p1\">Pouvoir repr\u00e9senter ad\u00e9quatement notre pays dans les exportations vers les pays de l&rsquo;UE et les \u00c9tats-Unis ainsi que vers les pays de la r\u00e9gion en obtenant les certificats de qualit\u00e9 n\u00e9cessaires,<\/p>\n<\/div><\/li><li class=\"fusion-li-item\" style=\"\"><span class=\"icon-wrapper circle-yes\"><i class=\"fusion-li-icon fa-thumbs-up fas\" aria-hidden=\"true\"><\/i><\/span><div class=\"fusion-li-item-content\">\n<p class=\"p2\">En tant que Everest, toujours au top avec la qualit\u00e9.<\/p>\n<\/div><\/li><\/ul><div class=\"fusion-sep-clear\"><\/div><div class=\"fusion-separator fusion-full-width-sep\" style=\"margin-left: auto;margin-right: auto;margin-top:40px;margin-bottom:40px;width:100%;\"><div class=\"fusion-separator-border sep-single sep-solid\" style=\"--awb-height:20px;--awb-amount:20px;border-color:#e0dede;border-top-width:1px;\"><\/div><\/div><div class=\"fusion-sep-clear\"><\/div><div class=\"fusion-image-element fusion-image-align-left in-legacy-container\" style=\"text-align:left;--awb-caption-title-font-family:var(--h2_typography-font-family);--awb-caption-title-font-weight:var(--h2_typography-font-weight);--awb-caption-title-font-style:var(--h2_typography-font-style);--awb-caption-title-size:var(--h2_typography-font-size);--awb-caption-title-transform:var(--h2_typography-text-transform);--awb-caption-title-line-height:var(--h2_typography-line-height);--awb-caption-title-letter-spacing:var(--h2_typography-letter-spacing);\"><span class=\" fusion-imageframe imageframe-none imageframe-9 hover-type-none\" style=\"margin-right:25px;float:left;\"><img decoding=\"async\" width=\"140\" height=\"44\" title=\"everest-sticky-logo\" src=\"https:\/\/everestkapi.com.tr\/wp-content\/uploads\/2020\/03\/everest-sticky-logo.png\" alt class=\"img-responsive wp-image-12998\"\/><\/span><\/div><div class=\"fusion-clearfix\"><\/div><\/div><\/div><div class=\"fusion-layout-column fusion_builder_column fusion-builder-column-9 fusion_builder_column_1_2 1_2 fusion-one-half fusion-column-last fusion-column-no-min-height\" style=\"--awb-bg-size:cover;--awb-margin-bottom:0px;width:48%;\"><div class=\"fusion-column-wrapper fusion-flex-column-wrapper-legacy\"><div class=\"fusion-image-element in-legacy-container\" style=\"--awb-caption-title-font-family:var(--h2_typography-font-family);--awb-caption-title-font-weight:var(--h2_typography-font-weight);--awb-caption-title-font-style:var(--h2_typography-font-style);--awb-caption-title-size:var(--h2_typography-font-size);--awb-caption-title-transform:var(--h2_typography-text-transform);--awb-caption-title-line-height:var(--h2_typography-line-height);--awb-caption-title-letter-spacing:var(--h2_typography-letter-spacing);\"><span class=\" fusion-imageframe imageframe-none imageframe-10 hover-type-none\"><img decoding=\"async\" width=\"800\" height=\"988\" title=\"everest-metal-kapi-celik-kapi-kalite-politikasi-n\" src=\"https:\/\/everestkapi.com.tr\/wp-content\/uploads\/2020\/06\/everest-metal-kapi-celik-kapi-kalite-politikasi-n.jpg\" alt class=\"img-responsive wp-image-13641\" srcset=\"https:\/\/everestkapi.com.tr\/wp-content\/uploads\/2020\/06\/everest-metal-kapi-celik-kapi-kalite-politikasi-n-200x247.jpg 200w, https:\/\/everestkapi.com.tr\/wp-content\/uploads\/2020\/06\/everest-metal-kapi-celik-kapi-kalite-politikasi-n-400x494.jpg 400w, https:\/\/everestkapi.com.tr\/wp-content\/uploads\/2020\/06\/everest-metal-kapi-celik-kapi-kalite-politikasi-n-600x741.jpg 600w, https:\/\/everestkapi.com.tr\/wp-content\/uploads\/2020\/06\/everest-metal-kapi-celik-kapi-kalite-politikasi-n.jpg 800w\" sizes=\"(max-width: 800px) 100vw, 600px\" \/><\/span><\/div><div class=\"fusion-clearfix\"><\/div><\/div><\/div><\/div><\/div><\/p>","protected":false},"excerpt":{"rendered":"","protected":false},"author":1,"featured_media":0,"parent":0,"menu_order":0,"comment_status":"open","ping_status":"closed","template":"","meta":{"footnotes":""},"class_list":["post-13091","page","type-page","status-publish","hentry"],"_links":{"self":[{"href":"https:\/\/everestkapi.com.tr\/fr\/wp-json\/wp\/v2\/pages\/13091","targetHints":{"allow":["GET"]}}],"collection":[{"href":"https:\/\/everestkapi.com.tr\/fr\/wp-json\/wp\/v2\/pages"}],"about":[{"href":"https:\/\/everestkapi.com.tr\/fr\/wp-json\/wp\/v2\/types\/page"}],"author":[{"embeddable":true,"href":"https:\/\/everestkapi.com.tr\/fr\/wp-json\/wp\/v2\/users\/1"}],"replies":[{"embeddable":true,"href":"https:\/\/everestkapi.com.tr\/fr\/wp-json\/wp\/v2\/comments?post=13091"}],"version-history":[{"count":27,"href":"https:\/\/everestkapi.com.tr\/fr\/wp-json\/wp\/v2\/pages\/13091\/revisions"}],"predecessor-version":[{"id":14684,"href":"https:\/\/everestkapi.com.tr\/fr\/wp-json\/wp\/v2\/pages\/13091\/revisions\/14684"}],"wp:attachment":[{"href":"https:\/\/everestkapi.com.tr\/fr\/wp-json\/wp\/v2\/media?parent=13091"}],"curies":[{"name":"wp","href":"https:\/\/api.w.org\/{rel}","templated":true}]}}