{"id":11872,"date":"2018-10-30T15:26:28","date_gmt":"2018-10-30T13:26:28","guid":{"rendered":"http:\/\/everestkapi.com.tr\/?page_id=11872"},"modified":"2021-10-05T18:28:24","modified_gmt":"2021-10-05T15:28:24","slug":"hakkimizda","status":"publish","type":"page","link":"https:\/\/everestkapi.com.tr\/fr\/hakkimizda\/","title":{"rendered":"QUI SOMMES NOUS"},"content":{"rendered":"<p><div class=\"fusion-fullwidth fullwidth-box fusion-builder-row-5 hundred-percent-fullwidth non-hundred-percent-height-scrolling\" style=\"--awb-border-radius-top-left:0px;--awb-border-radius-top-right:0px;--awb-border-radius-bottom-right:0px;--awb-border-radius-bottom-left:0px;--awb-overflow:visible;--awb-flex-wrap:wrap;\" ><div class=\"fusion-builder-row fusion-row\"><div class=\"fusion-layout-column fusion_builder_column fusion-builder-column-29 fusion_builder_column_1_1 1_1 fusion-one-full fusion-column-first fusion-column-last fusion-column-no-min-height\" style=\"--awb-bg-size:cover;--awb-margin-bottom:0px;\"><div class=\"fusion-column-wrapper fusion-flex-column-wrapper-legacy\"><div class=\"fusion-flip-boxes flip-boxes row fusion-columns-3 flip-effect-classic\"><div class=\"fusion-flip-box-wrapper fusion-column col-lg-4 col-md-4 col-sm-4\"><div class=\"fusion-flip-box flip-right\" tabindex=\"0\"><div class=\"flip-box-inner-wrapper\"><div class=\"flip-box-front\" style=\"--awb-border-size:1px;--awb-border-radius:4px;--awb-circle-color:#e80018;--awb-circle-border-color:#e80018;\"><div class=\"flip-box-front-inner\"><div class=\"flip-box-grafix flip-box-circle\"><i aria-hidden=\"true\" class=\"fa-heart fas\"><\/i><\/div><h2 class=\"flip-box-heading\">DESIGN EXCLUSIVE <\/h2>Nos disigns refl\u00e8teront votre plaisir dans votre maison\u2026 \u00bb<\/div><\/div><div class=\"flip-box-back\" style=\"--awb-border-size:1px;--awb-border-radius:4px;--awb-circle-color:#e80018;--awb-circle-border-color:#e80018;--awb-background-color-back:#e80018;\"><div class=\"flip-box-back-inner\"><h3 class=\"flip-box-heading-back\">DESIGN EXCLUSIVE <\/h3>\n<p class=\"p1\">Nos disigns refl\u00e8teront votre plaisir dans votre maison\u2026 \u00bb<\/p>\n<\/div><\/div><\/div><\/div><\/div><div class=\"fusion-flip-box-wrapper fusion-column col-lg-4 col-md-4 col-sm-4\"><div class=\"fusion-flip-box flip-right\" tabindex=\"0\"><div class=\"flip-box-inner-wrapper\"><div class=\"flip-box-front\" style=\"--awb-border-size:1px;--awb-border-radius:4px;--awb-circle-color:#e80018;--awb-circle-border-color:#e80018;\"><div class=\"flip-box-front-inner\"><div class=\"flip-box-grafix flip-box-circle\"><i aria-hidden=\"true\" class=\"fa-lightbulb far\"><\/i><\/div><h2 class=\"flip-box-heading\">SOLUTIONS RATIONNELLES<\/h2>Nous sommes \u00e0 votre service avec des solutions illimit\u00e9es adapt\u00e9es \u00e0 la structure de votre maison<\/div><\/div><div class=\"flip-box-back\" style=\"--awb-border-size:1px;--awb-border-radius:4px;--awb-circle-color:#e80018;--awb-circle-border-color:#e80018;--awb-background-color-back:#e80018;\"><div class=\"flip-box-back-inner\"><h3 class=\"flip-box-heading-back\">SOLUTIONS RATIONNELLES<\/h3>\n<p class=\"p1\">Nous sommes \u00e0 votre service avec des solutions illimit\u00e9es<br \/>\nadapt\u00e9es \u00e0 la structure de votre maison<\/p>\n<\/div><\/div><\/div><\/div><\/div><div class=\"fusion-flip-box-wrapper fusion-column col-lg-4 col-md-4 col-sm-4\"><div class=\"fusion-flip-box flip-right\" tabindex=\"0\"><div class=\"flip-box-inner-wrapper\"><div class=\"flip-box-front\" style=\"--awb-border-size:1px;--awb-border-radius:4px;--awb-circle-color:#e80018;--awb-circle-border-color:#e80018;\"><div class=\"flip-box-front-inner\"><div class=\"flip-box-grafix flip-box-circle\"><i aria-hidden=\"true\" class=\"fa-truck fas\"><\/i><\/div><h2 class=\"flip-box-heading\">LIVRAISON RAPIDE<\/h2>La livraison et le montage du produit que vous avez choisi se font dans les meilleurs d\u00e9lais\u2026<\/div><\/div><div class=\"flip-box-back\" style=\"--awb-border-size:1px;--awb-border-radius:4px;--awb-circle-color:#e80018;--awb-circle-border-color:#e80018;--awb-background-color-back:#e80018;\"><div class=\"flip-box-back-inner\"><h3 class=\"flip-box-heading-back\">LIVRAISON RAPIDE<\/h3>\n<p class=\"p1\">La livraison et le montage du produit que vous avez choisi<br \/>\nse font dans les meilleurs d\u00e9lais\u2026<\/p>\n<\/div><\/div><\/div><\/div><\/div><\/div><div class=\"clearfix\"><\/div><div class=\"fusion-sep-clear\"><\/div><div class=\"fusion-separator fusion-full-width-sep\" style=\"margin-left: auto;margin-right: auto;margin-top:30px;width:100%;\"><\/div><div class=\"fusion-sep-clear\"><\/div><div class=\"fusion-clearfix\"><\/div><\/div><\/div><div class=\"fusion-layout-column fusion_builder_column fusion-builder-column-30 fusion_builder_column_1_2 1_2 fusion-one-half fusion-column-first\" style=\"--awb-bg-size:cover;width:48%; margin-right: 4%;\"><div class=\"fusion-column-wrapper fusion-flex-column-wrapper-legacy\"><div class=\"fusion-slider-sc fusion-flexslider-loading flexslider flexslider-hover-type-none\" data-slideshow_autoplay=\"1\" data-slideshow_smooth_height=\"0\" data-slideshow_speed=\"7000\" style=\"max-width:100%;height:100%;\"><ul class=\"slides\"><li class=\"image\"><span class=\"fusion-image-hover-element hover-type-none\"><img decoding=\"async\" src=\"http:\/\/everestkapi.com.tr\/wp-content\/uploads\/2018\/10\/1.jpg\" width=\"940\" height=\"600\" class=\"wp-image-11875\" srcset=\"https:\/\/everestkapi.com.tr\/wp-content\/uploads\/2018\/10\/1-200x128.jpg 200w, https:\/\/everestkapi.com.tr\/wp-content\/uploads\/2018\/10\/1-400x255.jpg 400w, https:\/\/everestkapi.com.tr\/wp-content\/uploads\/2018\/10\/1-600x383.jpg 600w, https:\/\/everestkapi.com.tr\/wp-content\/uploads\/2018\/10\/1-800x511.jpg 800w, https:\/\/everestkapi.com.tr\/wp-content\/uploads\/2018\/10\/1.jpg 940w\" sizes=\"(max-width: 800px) 100vw, 600px\" \/><\/span><\/li><li class=\"image\"><span class=\"fusion-image-hover-element hover-type-none\"><img decoding=\"async\" src=\"http:\/\/everestkapi.com.tr\/wp-content\/uploads\/2018\/10\/2.jpg\" width=\"940\" height=\"600\" class=\"wp-image-11876\" srcset=\"https:\/\/everestkapi.com.tr\/wp-content\/uploads\/2018\/10\/2-200x128.jpg 200w, https:\/\/everestkapi.com.tr\/wp-content\/uploads\/2018\/10\/2-400x255.jpg 400w, https:\/\/everestkapi.com.tr\/wp-content\/uploads\/2018\/10\/2-600x383.jpg 600w, https:\/\/everestkapi.com.tr\/wp-content\/uploads\/2018\/10\/2-800x511.jpg 800w, https:\/\/everestkapi.com.tr\/wp-content\/uploads\/2018\/10\/2.jpg 940w\" sizes=\"(max-width: 800px) 100vw, 600px\" \/><\/span><\/li><\/ul><\/div><div class=\"fusion-clearfix\"><\/div><\/div><\/div><div class=\"fusion-layout-column fusion_builder_column fusion-builder-column-31 fusion_builder_column_1_2 1_2 fusion-one-half fusion-column-last\" style=\"--awb-bg-size:cover;width:48%;\"><div class=\"fusion-column-wrapper fusion-flex-column-wrapper-legacy\"><div class=\"fusion-title title fusion-title-17 fusion-title-text fusion-title-size-two\"><h2 class=\"fusion-title-heading title-heading-left fusion-responsive-typography-calculated\" style=\"margin:0;--fontSize:18;--minFontSize:18;line-height:1.5;\">Everest \u00c7elik Kap\u0131<\/h2><span class=\"awb-title-spacer\"><\/span><div class=\"title-sep-container\"><div class=\"title-sep sep- sep-solid\" style=\"border-color:#e0dede;\"><\/div><\/div><\/div><div class=\"fusion-text fusion-text-5\"><p class=\"p1\">Dans un monde o\u00f9 les habitudes de consommation \u00e9voluent rapidement et o\u00f9 l&rsquo;exp\u00e9rience client est plus importante que de nombreux discours marketing, la recherche de marques qui rassurent leurs consommateurs apr\u00e8s comme avant vente se multiplie.<\/p>\n<p class=\"p1\">l&rsquo;Everest\u00a0; Il met la satisfaction du client au premier plan en r\u00e9alisant des syst\u00e8mes de portes de qualit\u00e9 avec des conceptions qui r\u00e9pondent aux besoins des consommateurs \u00e0 l&rsquo;\u00e8re changeante des portes en m\u00e9tal et des portes en bois.<\/p>\n<p class=\"p1\">Avec la logique de production qui vise \u00e0 laisser un monde plus propre et plus vivable aux g\u00e9n\u00e9rations futures en gardant une conscience de production respectueuse de l&rsquo;environnement et de la nature, Everest veille \u00e0 pr\u00e9server l&rsquo;\u00e9quilibre \u00e9cologique en choisissant des produits qui ne nuisent pas \u00e0 l&rsquo;homme et \u00e0 la nature parmi les mati\u00e8res premi\u00e8res qu&rsquo;elle utilise.<\/p>\n<p class=\"p1\">Everest produit des solutions dans des domaines tels que les portes d&rsquo;entr\u00e9e de b\u00e2timents et de villas, les portes ext\u00e9rieures d&rsquo;appartements, les portes int\u00e9rieures de pi\u00e8ces, les portes coupe-feu, de secours et de sortie de masse. En outre, Everest vous sert en mettant en avant les notions de durabilit\u00e9, d&rsquo;esth\u00e9tique, de visuel et d&rsquo;utilit\u00e9.<\/p>\n<p class=\"p1\">Everest Steel Door a obtenu un succ\u00e8s significatif dans le secteur avec ses installations de production modernes de pointe. Parmi ses projets innovants, il a r\u00e9cemment inclus des projets de cuisine et de chambre d&rsquo;h\u00f4tel et a commenc\u00e9 \u00e0 servir ses clients en refl\u00e9tant l&rsquo;approche de production d&rsquo;Everest dans ces domaines.<\/p>\n<p class=\"p1\">En tant qu&rsquo;Everest, nous contribuons \u00e0 cr\u00e9er des espaces habitables en les innovant, en les modern\u0131sant et en les rendant \u00e9l\u00e9gant tout en portant votre s\u00e9curit\u00e9 au plus haut point&#8230;<\/p>\n<\/div><div class=\"fusion-clearfix\"><\/div><\/div><\/div><div class=\"fusion-layout-column fusion_builder_column fusion-builder-column-32 fusion_builder_column_1_2 1_2 fusion-one-half fusion-column-first\" style=\"--awb-bg-size:cover;width:48%; margin-right: 4%;\"><div class=\"fusion-column-wrapper fusion-flex-column-wrapper-legacy\"><div class=\"fusion-title title fusion-title-18 fusion-title-text fusion-title-size-two\"><h2 class=\"fusion-title-heading title-heading-left fusion-responsive-typography-calculated\" style=\"margin:0;--fontSize:18;--minFontSize:18;line-height:1.5;\"><p class=\"p1\">Pourquoi Everest\u00a0?<\/p><\/h2><span class=\"awb-title-spacer\"><\/span><div class=\"title-sep-container\"><div class=\"title-sep sep- sep-solid\" style=\"border-color:#e0dede;\"><\/div><\/div><\/div><div class=\"accordian fusion-accordian\" style=\"--awb-border-size:1px;--awb-icon-size:13px;--awb-content-font-size:13px;--awb-icon-alignment:left;--awb-hover-color:#f9f9f9;--awb-border-color:#cccccc;--awb-background-color:#ffffff;--awb-divider-color:#e0dede;--awb-divider-hover-color:#e0dede;--awb-icon-color:#ffffff;--awb-title-color:#333333;--awb-content-color:#747474;--awb-icon-box-color:#333333;--awb-toggle-hover-accent-color:#e80018;--awb-title-font-family:&quot;Open Sans&quot;;--awb-title-font-weight:300;--awb-title-font-style:normal;--awb-title-font-size:14px;--awb-title-letter-spacing:0px;--awb-title-line-height:1.43;--awb-content-font-family:&quot;Open Sans&quot;;--awb-content-font-style:normal;--awb-content-font-weight:400;\"><div class=\"panel-group fusion-toggle-icon-boxed\" id=\"accordion-11872-5\"><div class=\"fusion-panel panel-default panel-e08c4842fff0a1b07 fusion-toggle-has-divider\"><div class=\"panel-heading\"><h4 class=\"panel-title toggle\" id=\"toggle_e08c4842fff0a1b07\"><a aria-expanded=\"false\" aria-controls=\"e08c4842fff0a1b07\" role=\"button\" data-toggle=\"collapse\" data-parent=\"#accordion-11872-5\" data-target=\"#e08c4842fff0a1b07\" href=\"#e08c4842fff0a1b07\"><span class=\"fusion-toggle-icon-wrapper\" aria-hidden=\"true\"><i class=\"fa-fusion-box active-icon awb-icon-minus\" aria-hidden=\"true\"><\/i><i class=\"fa-fusion-box inactive-icon awb-icon-plus\" aria-hidden=\"true\"><\/i><\/span><span class=\"fusion-toggle-heading\">PERSONNEL EXPERT<\/span><\/a><\/h4><\/div><div id=\"e08c4842fff0a1b07\" class=\"panel-collapse collapse \" aria-labelledby=\"toggle_e08c4842fff0a1b07\"><div class=\"panel-body toggle-content fusion-clearfix\">\n<p class=\"p1\">Nous proposons des applications innovantes et des solutions utiles \u00e0 nos clients avec notre personnel expert. Nous combinons notre potentiel et notre capacit\u00e9 de service constitu\u00e9s de notre exp\u00e9rience commerciale et professionnelle avec les technologies de production dont nous disposons.<\/p>\n<\/div><\/div><\/div><div class=\"fusion-panel panel-default panel-d7c1be258ec7ff842 fusion-toggle-has-divider\"><div class=\"panel-heading\"><h4 class=\"panel-title toggle\" id=\"toggle_d7c1be258ec7ff842\"><a aria-expanded=\"false\" aria-controls=\"d7c1be258ec7ff842\" role=\"button\" data-toggle=\"collapse\" data-parent=\"#accordion-11872-5\" data-target=\"#d7c1be258ec7ff842\" href=\"#d7c1be258ec7ff842\"><span class=\"fusion-toggle-icon-wrapper\" aria-hidden=\"true\"><i class=\"fa-fusion-box active-icon awb-icon-minus\" aria-hidden=\"true\"><\/i><i class=\"fa-fusion-box inactive-icon awb-icon-plus\" aria-hidden=\"true\"><\/i><\/span><span class=\"fusion-toggle-heading\">PRIX COMP\u00c9TITIVE<\/span><\/a><\/h4><\/div><div id=\"d7c1be258ec7ff842\" class=\"panel-collapse collapse \" aria-labelledby=\"toggle_d7c1be258ec7ff842\"><div class=\"panel-body toggle-content fusion-clearfix\">\n<p class=\"p1\">Tout en augmentant la valeur et la s\u00e9curit\u00e9 des b\u00e2timents, nous proposons \u00e9galement des portes commerciales en acier, des portes en bois, des vantaux (Battants) de porte et de la quincaillerie architecturale de haute qualit\u00e9 \u00e0 des prix comp\u00e9titifs. Nos prix comp\u00e9titifs et nos options d&rsquo;exp\u00e9dition \u00e0 l&rsquo;\u00e9chelle nationale et internationnale vous permettent d&rsquo;\u00e9conomiser du temps et de l&rsquo;argent.<\/p>\n<\/div><\/div><\/div><\/div><\/div><div class=\"fusion-clearfix\"><\/div><\/div><\/div><div class=\"fusion-layout-column fusion_builder_column fusion-builder-column-33 fusion_builder_column_1_2 1_2 fusion-one-half fusion-column-last fusion-column-no-min-height\" style=\"--awb-bg-size:cover;--awb-margin-bottom:0px;width:48%;\"><div class=\"fusion-column-wrapper fusion-flex-column-wrapper-legacy\"><div class=\"fusion-title title fusion-title-19 fusion-title-text fusion-title-size-two\"><h2 class=\"fusion-title-heading title-heading-left fusion-responsive-typography-calculated\" style=\"margin:0;--fontSize:18;--minFontSize:18;line-height:1.5;\">COMMENTAIRES<\/h2><span class=\"awb-title-spacer\"><\/span><div class=\"title-sep-container\"><div class=\"title-sep sep- sep-solid\" style=\"border-color:#e0dede;\"><\/div><\/div><\/div><div class=\"fusion-testimonials classic awb-speech-bubble-show fusion-testimonials-9\" style=\"--awb-textcolor:#747474;--awb-backgroundcolor:#f6f6f6;--awb-testimonial-border-style:solid;--awb-testimonial-border-color:var(--awb-color3);--awb-border-top-left-radius:0px;--awb-border-top-right-radius:0px;--awb-border-bottom-left-radius:0px;--awb-border-bottom-right-radius:0px;--testimonial-border-width-top:0px;--testimonial-border-width-right:0px;--testimonial-border-width-bottom:0px;--testimonial-border-width-left:0px;\" data-random=\"0\" data-speed=\"4000\"><div class=\"reviews\"><div class=\"review active-testimonial female\"><blockquote><div class=\"awb-quote\"><div class=\"awb-quote-content\">\n<p>Evimizin tadilat\u0131 nihayet kap\u0131lar\u0131m\u0131z\u0131n da kurulmas\u0131 ile tamamland\u0131. Sonu\u00e7tan \u00e7ok memnunuz ve \u015firketinizi ba\u015fkalar\u0131na tavsiye etmekten mutluluk duyaca\u011f\u0131z.<\/p>\n<\/div><\/div><span class=\"awb-triangle\"><\/span><\/blockquote><div class=\"author\"><span class=\"testimonial-thumbnail doe\"><\/span><span class=\"company-name\"><strong>Bahriye Ko\u00e7er<\/strong><span>, <\/span><span>\u00d6\u011fretmen<\/span><\/span><\/div><\/div><\/div><\/div><div class=\"fusion-testimonials classic awb-speech-bubble-show fusion-testimonials-10\" style=\"--awb-textcolor:#747474;--awb-backgroundcolor:#f6f6f6;--awb-testimonial-border-style:solid;--awb-testimonial-border-color:var(--awb-color3);--awb-border-top-left-radius:0px;--awb-border-top-right-radius:0px;--awb-border-bottom-left-radius:0px;--awb-border-bottom-right-radius:0px;--testimonial-border-width-top:0px;--testimonial-border-width-right:0px;--testimonial-border-width-bottom:0px;--testimonial-border-width-left:0px;\" data-random=\"0\" data-speed=\"4000\"><div class=\"reviews\"><div class=\"review active-testimonial male\"><blockquote><div class=\"awb-quote\"><div class=\"awb-quote-content\">\n<p>Yeni kap\u0131m\u0131z m\u00fcthi\u015f g\u00f6r\u00fcn\u00fcyor ve harika bir i\u015f \u00e7\u0131kard\u0131\u011f\u0131 i\u00e7in Everest Kap\u0131&rsquo;ya te\u015fekk\u00fcrlerimizi sunuyoruz. Kesinlikle aile ve arkada\u015flar\u0131m\u0131za tavsiye edece\u011fiz.<\/p>\n<\/div><\/div><span class=\"awb-triangle\"><\/span><\/blockquote><div class=\"author\"><span class=\"testimonial-thumbnail doe\"><\/span><span class=\"company-name\"><strong>Hakan \u00d6z\u00e7elik<\/strong><span>, <\/span><span>Muhasebeci<\/span><\/span><\/div><\/div><\/div><\/div><div class=\"fusion-clearfix\"><\/div><\/div><\/div><div class=\"fusion-layout-column fusion_builder_column fusion-builder-column-34 fusion_builder_column_1_1 1_1 fusion-one-full fusion-column-first fusion-column-last\" style=\"--awb-bg-size:cover;\"><div class=\"fusion-column-wrapper fusion-flex-column-wrapper-legacy\"><div class=\"fusion-title title fusion-title-20 fusion-title-text fusion-title-size-two\"><h2 class=\"fusion-title-heading title-heading-left fusion-responsive-typography-calculated\" style=\"margin:0;--fontSize:18;--minFontSize:18;line-height:1.5;\">Avec Everest&#8230;<\/h2><span class=\"awb-title-spacer\"><\/span><div class=\"title-sep-container\"><div class=\"title-sep sep- sep-solid\" style=\"border-color:#e0dede;\"><\/div><\/div><\/div><div class=\"fusion-counters-box counters-box row fusion-clearfix fusion-columns-3\" style=\"--awb-color:#e80018;\"><div class=\"fusion-counter-box fusion-column col-counter-box counter-box-wrapper col-lg-4 col-md-4 col-sm-4\" data-animationOffset=\"top-into-view\"><div class=\"counter-box-container\"><div class=\"content-box-percentage content-box-counter\"><span class=\"display-counter\" data-value=\"1309\" data-direction=\"up\" data-decimals=\"0\">0<\/span><\/div><div class=\"counter-box-content\">MEILLEUR PRODUIT<\/div><\/div><\/div><div class=\"fusion-counter-box fusion-column col-counter-box counter-box-wrapper col-lg-4 col-md-4 col-sm-4\" data-animationOffset=\"top-into-view\"><div class=\"counter-box-container\"><div class=\"content-box-percentage content-box-counter\"><span class=\"display-counter\" data-value=\"21560\" data-direction=\"up\" data-decimals=\"0\">0<\/span><\/div><div class=\"counter-box-content\">CLIENT SATISFAIT<\/div><\/div><\/div><div class=\"fusion-counter-box fusion-column col-counter-box counter-box-wrapper col-lg-4 col-md-4 col-sm-4\" data-animationOffset=\"top-into-view\"><div class=\"counter-box-container\"><div class=\"content-box-percentage content-box-counter\"><span class=\"display-counter\" data-value=\"216\" data-direction=\"up\" data-decimals=\"0\">0<\/span><\/div><div class=\"counter-box-content\">DIFFERENTE IMAGINATION<\/div><\/div><\/div><\/div><div class=\"clearfix\"><\/div><div class=\"fusion-clearfix\"><\/div><\/div><\/div><div class=\"fusion-layout-column fusion_builder_column fusion-builder-column-35 fusion_builder_column_1_1 1_1 fusion-one-full fusion-column-first fusion-column-last fusion-column-no-min-height\" style=\"--awb-bg-size:cover;--awb-margin-bottom:0px;\"><div class=\"fusion-column-wrapper fusion-flex-column-wrapper-legacy\"><div class=\"fusion-sep-clear\"><\/div><div class=\"fusion-separator fusion-full-width-sep\" style=\"margin-left: auto;margin-right: auto;margin-top:15px;margin-bottom:15px;width:100%;\"><\/div><div class=\"fusion-sep-clear\"><\/div><div class=\"fusion-clearfix\"><\/div><\/div><\/div><\/div><\/div><\/p>","protected":false},"excerpt":{"rendered":"","protected":false},"author":1,"featured_media":0,"parent":0,"menu_order":0,"comment_status":"open","ping_status":"open","template":"","meta":{"footnotes":""},"class_list":["post-11872","page","type-page","status-publish","hentry"],"_links":{"self":[{"href":"https:\/\/everestkapi.com.tr\/fr\/wp-json\/wp\/v2\/pages\/11872","targetHints":{"allow":["GET"]}}],"collection":[{"href":"https:\/\/everestkapi.com.tr\/fr\/wp-json\/wp\/v2\/pages"}],"about":[{"href":"https:\/\/everestkapi.com.tr\/fr\/wp-json\/wp\/v2\/types\/page"}],"author":[{"embeddable":true,"href":"https:\/\/everestkapi.com.tr\/fr\/wp-json\/wp\/v2\/users\/1"}],"replies":[{"embeddable":true,"href":"https:\/\/everestkapi.com.tr\/fr\/wp-json\/wp\/v2\/comments?post=11872"}],"version-history":[{"count":60,"href":"https:\/\/everestkapi.com.tr\/fr\/wp-json\/wp\/v2\/pages\/11872\/revisions"}],"predecessor-version":[{"id":14683,"href":"https:\/\/everestkapi.com.tr\/fr\/wp-json\/wp\/v2\/pages\/11872\/revisions\/14683"}],"wp:attachment":[{"href":"https:\/\/everestkapi.com.tr\/fr\/wp-json\/wp\/v2\/media?parent=11872"}],"curies":[{"name":"wp","href":"https:\/\/api.w.org\/{rel}","templated":true}]}}