{"id":11872,"date":"2018-10-30T15:26:28","date_gmt":"2018-10-30T13:26:28","guid":{"rendered":"http:\/\/everestkapi.com.tr\/?page_id=11872"},"modified":"2021-10-05T18:28:24","modified_gmt":"2021-10-05T15:28:24","slug":"hakkimizda","status":"publish","type":"page","link":"https:\/\/everestkapi.com.tr\/en\/hakkimizda\/","title":{"rendered":"ABOUT US"},"content":{"rendered":"<p><div class=\"fusion-fullwidth fullwidth-box fusion-builder-row-2 nonhundred-percent-fullwidth non-hundred-percent-height-scrolling\" style=\"--awb-border-radius-top-left:0px;--awb-border-radius-top-right:0px;--awb-border-radius-bottom-right:0px;--awb-border-radius-bottom-left:0px;--awb-flex-wrap:wrap;\" ><div class=\"fusion-builder-row fusion-row\"><div class=\"fusion-layout-column fusion_builder_column fusion-builder-column-8 fusion_builder_column_1_1 1_1 fusion-one-full fusion-column-first fusion-column-last\" style=\"--awb-bg-size:cover;--awb-margin-bottom:0px;\"><div class=\"fusion-column-wrapper fusion-flex-column-wrapper-legacy\"><div class=\"fusion-flip-boxes flip-boxes row fusion-columns-3 flip-effect-classic\"><div class=\"fusion-flip-box-wrapper fusion-column col-lg-4 col-md-4 col-sm-4\"><div class=\"fusion-flip-box flip-right\" tabindex=\"0\"><div class=\"flip-box-inner-wrapper\"><div class=\"flip-box-front\" style=\"--awb-border-size:1px;--awb-border-radius:4px;--awb-circle-color:#e80018;--awb-circle-border-color:#e80018;\"><div class=\"flip-box-front-inner\"><div class=\"flip-box-grafix flip-box-circle\"><i aria-hidden=\"true\" class=\"fa-heart fas\"><\/i><\/div><h2 class=\"flip-box-heading\">EXCLUSIVE DESIGN<\/h2>Our designs will reflect your delight to your home ...<\/div><\/div><div class=\"flip-box-back\" style=\"--awb-border-size:1px;--awb-border-radius:4px;--awb-circle-color:#e80018;--awb-circle-border-color:#e80018;--awb-background-color-back:#e80018;\"><div class=\"flip-box-back-inner\"><h3 class=\"flip-box-heading-back\">EXCLUSIVE DESIGN<\/h3>\n<p>Our designs will reflect<br \/>\nyour delight to your home &#8230;<\/p>\n<\/div><\/div><\/div><\/div><\/div><div class=\"fusion-flip-box-wrapper fusion-column col-lg-4 col-md-4 col-sm-4\"><div class=\"fusion-flip-box flip-right\" tabindex=\"0\"><div class=\"flip-box-inner-wrapper\"><div class=\"flip-box-front\" style=\"--awb-border-size:1px;--awb-border-radius:4px;--awb-circle-color:#e80018;--awb-circle-border-color:#e80018;\"><div class=\"flip-box-front-inner\"><div class=\"flip-box-grafix flip-box-circle\"><i aria-hidden=\"true\" class=\"fa-lightbulb far\"><\/i><\/div><h2 class=\"flip-box-heading\">RATIONAL SOLUTIONS<\/h2>We are at your service with unlimited solutions suitable for the structure of your home<\/div><\/div><div class=\"flip-box-back\" style=\"--awb-border-size:1px;--awb-border-radius:4px;--awb-circle-color:#e80018;--awb-circle-border-color:#e80018;--awb-background-color-back:#e80018;\"><div class=\"flip-box-back-inner\"><h3 class=\"flip-box-heading-back\">RATIONAL SOLUTIONS<\/h3>\n<p>We are at your service with unlimited solutions<br \/>\nsuitable for the structure of your home<\/p>\n<\/div><\/div><\/div><\/div><\/div><div class=\"fusion-flip-box-wrapper fusion-column col-lg-4 col-md-4 col-sm-4\"><div class=\"fusion-flip-box flip-right\" tabindex=\"0\"><div class=\"flip-box-inner-wrapper\"><div class=\"flip-box-front\" style=\"--awb-border-size:1px;--awb-border-radius:4px;--awb-circle-color:#e80018;--awb-circle-border-color:#e80018;\"><div class=\"flip-box-front-inner\"><div class=\"flip-box-grafix flip-box-circle\"><i aria-hidden=\"true\" class=\"fa-truck fas\"><\/i><\/div><h2 class=\"flip-box-heading\">FAST DELIVERY<\/h2>Fast delivery and assembly for your choosen product in a short time <\/div><\/div><div class=\"flip-box-back\" style=\"--awb-border-size:1px;--awb-border-radius:4px;--awb-circle-color:#e80018;--awb-circle-border-color:#e80018;--awb-background-color-back:#e80018;\"><div class=\"flip-box-back-inner\"><h3 class=\"flip-box-heading-back\">FAST DELIVERY<\/h3>\n<p>Fast delivery and assembly for your<br \/>\nchoosen product in a short time<\/p>\n<\/div><\/div><\/div><\/div><\/div><\/div><div class=\"clearfix\"><\/div><div class=\"fusion-sep-clear\"><\/div><div class=\"fusion-separator fusion-full-width-sep\" style=\"margin-left: auto;margin-right: auto;margin-top:30px;width:100%;\"><\/div><div class=\"fusion-sep-clear\"><\/div><div class=\"fusion-clearfix\"><\/div><\/div><\/div><div class=\"fusion-layout-column fusion_builder_column fusion-builder-column-9 fusion_builder_column_1_2 1_2 fusion-one-half fusion-column-first\" style=\"--awb-bg-size:cover;width:48%; margin-right: 4%;\"><div class=\"fusion-column-wrapper fusion-flex-column-wrapper-legacy\"><div class=\"fusion-slider-sc fusion-flexslider-loading flexslider flexslider-hover-type-none\" data-slideshow_autoplay=\"1\" data-slideshow_smooth_height=\"0\" data-slideshow_speed=\"7000\" style=\"max-width:100%;height:100%;\"><ul class=\"slides\"><li class=\"image\"><span class=\"fusion-image-hover-element hover-type-none\"><img decoding=\"async\" src=\"http:\/\/everestkapi.com.tr\/wp-content\/uploads\/2018\/10\/1.jpg\" width=\"940\" height=\"600\" class=\"wp-image-11875\" srcset=\"https:\/\/everestkapi.com.tr\/wp-content\/uploads\/2018\/10\/1-200x128.jpg 200w, https:\/\/everestkapi.com.tr\/wp-content\/uploads\/2018\/10\/1-400x255.jpg 400w, https:\/\/everestkapi.com.tr\/wp-content\/uploads\/2018\/10\/1-600x383.jpg 600w, https:\/\/everestkapi.com.tr\/wp-content\/uploads\/2018\/10\/1-800x511.jpg 800w, https:\/\/everestkapi.com.tr\/wp-content\/uploads\/2018\/10\/1.jpg 940w\" sizes=\"(max-width: 800px) 100vw, 600px\" \/><\/span><\/li><li class=\"image\"><span class=\"fusion-image-hover-element hover-type-none\"><img decoding=\"async\" src=\"http:\/\/everestkapi.com.tr\/wp-content\/uploads\/2018\/10\/2.jpg\" width=\"940\" height=\"600\" class=\"wp-image-11876\" srcset=\"https:\/\/everestkapi.com.tr\/wp-content\/uploads\/2018\/10\/2-200x128.jpg 200w, https:\/\/everestkapi.com.tr\/wp-content\/uploads\/2018\/10\/2-400x255.jpg 400w, https:\/\/everestkapi.com.tr\/wp-content\/uploads\/2018\/10\/2-600x383.jpg 600w, https:\/\/everestkapi.com.tr\/wp-content\/uploads\/2018\/10\/2-800x511.jpg 800w, https:\/\/everestkapi.com.tr\/wp-content\/uploads\/2018\/10\/2.jpg 940w\" sizes=\"(max-width: 800px) 100vw, 600px\" \/><\/span><\/li><\/ul><\/div><div class=\"fusion-clearfix\"><\/div><\/div><\/div><div class=\"fusion-layout-column fusion_builder_column fusion-builder-column-10 fusion_builder_column_1_2 1_2 fusion-one-half fusion-column-last\" style=\"--awb-bg-size:cover;width:48%;\"><div class=\"fusion-column-wrapper fusion-flex-column-wrapper-legacy\"><div class=\"fusion-title title fusion-title-5 fusion-title-text fusion-title-size-two\"><h2 class=\"fusion-title-heading title-heading-left fusion-responsive-typography-calculated\" style=\"margin:0;--fontSize:18;--minFontSize:18;line-height:1.5;\"><h2>Everest Steel Door<\/h2><\/h2><span class=\"awb-title-spacer\"><\/span><div class=\"title-sep-container\"><div class=\"title-sep sep- sep-solid\" style=\"border-color:#e0dede;\"><\/div><\/div><\/div><div class=\"fusion-text fusion-text-2\"><p>Today, when consumption habits are rapidly changing and customer experiences are more important than many marketing discourses, the search for brands that give confidence to their consumers after sales as well as before sales is increasing.<\/p>\n<p>Everest; It places customer satisfaction in the first place by realizing quality door systems with designs that appeal to consumer needs in the changing age of metal doors and wooden doors.<\/p>\n<p>With the production logic that aims to leave a cleaner and more livable world to future generations by keeping the consciousness of production that respects the environment and nature; It takes care to protect the ecological balance by choosing products that do not harm human and nature in the raw materials it uses.<\/p>\n<p>Everest, which produces solutions in areas such as building and villa entrance doors, apartment exterior doors, interior room doors, fire, emergency and collective exit doors; It serves you by emphasizing the concepts of durability, aesthetics, visuality and usefulness.<\/p>\n<p>Everest Steel Door, which has achieved great success in its sector with its modern production facilities and state-of-the-art production facilities, domestic and international sales points, has recently incorporated Kitchen and Hotel Room Project studies and started to serve its customers by reflecting the Everest Production Approach to these areas.<\/p>\n<p>As Everest, while bringing your safety to the highest point, we contribute to creating livable spaces with its innovation, modern and stylish appearance &#8230;<\/p>\n<\/div><div class=\"fusion-clearfix\"><\/div><\/div><\/div><div class=\"fusion-layout-column fusion_builder_column fusion-builder-column-11 fusion_builder_column_1_2 1_2 fusion-one-half fusion-column-first\" style=\"--awb-bg-size:cover;width:48%; margin-right: 4%;\"><div class=\"fusion-column-wrapper fusion-flex-column-wrapper-legacy\"><div class=\"fusion-title title fusion-title-6 fusion-title-text fusion-title-size-two\"><h2 class=\"fusion-title-heading title-heading-left fusion-responsive-typography-calculated\" style=\"margin:0;--fontSize:18;--minFontSize:18;line-height:1.5;\"><h2>Why Everest?<\/h2><\/h2><span class=\"awb-title-spacer\"><\/span><div class=\"title-sep-container\"><div class=\"title-sep sep- sep-solid\" style=\"border-color:#e0dede;\"><\/div><\/div><\/div><div class=\"accordian fusion-accordian\" style=\"--awb-border-size:1px;--awb-icon-size:13px;--awb-content-font-size:13px;--awb-icon-alignment:left;--awb-hover-color:#f9f9f9;--awb-border-color:#cccccc;--awb-background-color:#ffffff;--awb-divider-color:#e0dede;--awb-divider-hover-color:#e0dede;--awb-icon-color:#ffffff;--awb-title-color:#333333;--awb-content-color:#747474;--awb-icon-box-color:#333333;--awb-toggle-hover-accent-color:#e80018;--awb-title-font-family:&quot;Open Sans&quot;;--awb-title-font-weight:300;--awb-title-font-style:normal;--awb-title-font-size:14px;--awb-title-letter-spacing:0px;--awb-title-line-height:1.43;--awb-content-font-family:&quot;Open Sans&quot;;--awb-content-font-style:normal;--awb-content-font-weight:400;\"><div class=\"panel-group fusion-toggle-icon-boxed\" id=\"accordion-11872-2\"><div class=\"fusion-panel panel-default panel-6e4cafca2d065fe21 fusion-toggle-has-divider\"><div class=\"panel-heading\"><h4 class=\"panel-title toggle\" id=\"toggle_6e4cafca2d065fe21\"><a aria-expanded=\"false\" aria-controls=\"6e4cafca2d065fe21\" role=\"button\" data-toggle=\"collapse\" data-parent=\"#accordion-11872-2\" data-target=\"#6e4cafca2d065fe21\" href=\"#6e4cafca2d065fe21\"><span class=\"fusion-toggle-icon-wrapper\" aria-hidden=\"true\"><i class=\"fa-fusion-box active-icon awb-icon-minus\" aria-hidden=\"true\"><\/i><i class=\"fa-fusion-box inactive-icon awb-icon-plus\" aria-hidden=\"true\"><\/i><\/span><span class=\"fusion-toggle-heading\">EXPERT STAFF<\/span><\/a><\/h4><\/div><div id=\"6e4cafca2d065fe21\" class=\"panel-collapse collapse \" aria-labelledby=\"toggle_6e4cafca2d065fe21\"><div class=\"panel-body toggle-content fusion-clearfix\">\n<p>We offer innovative applications and helpful solutions to our customers with our expert staff. We combine our potential and service capacity consisting of our business and working experience with the production technologies we have.<\/p>\n<\/div><\/div><\/div><div class=\"fusion-panel panel-default panel-24f34b1894163eb4d fusion-toggle-has-divider\"><div class=\"panel-heading\"><h4 class=\"panel-title toggle\" id=\"toggle_24f34b1894163eb4d\"><a aria-expanded=\"false\" aria-controls=\"24f34b1894163eb4d\" role=\"button\" data-toggle=\"collapse\" data-parent=\"#accordion-11872-2\" data-target=\"#24f34b1894163eb4d\" href=\"#24f34b1894163eb4d\"><span class=\"fusion-toggle-icon-wrapper\" aria-hidden=\"true\"><i class=\"fa-fusion-box active-icon awb-icon-minus\" aria-hidden=\"true\"><\/i><i class=\"fa-fusion-box inactive-icon awb-icon-plus\" aria-hidden=\"true\"><\/i><\/span><span class=\"fusion-toggle-heading\">COMPETITIVE PRICING<\/span><\/a><\/h4><\/div><div id=\"24f34b1894163eb4d\" class=\"panel-collapse collapse \" aria-labelledby=\"toggle_24f34b1894163eb4d\"><div class=\"panel-body toggle-content fusion-clearfix\">We offer high quality commercial steel doors, wooden doors, door leafs and architectural hardware at competitive prices, while increasing the value and safety of buildings. Our competitive prices and nationwide shipping options save you time and money.<\/div><\/div><\/div><\/div><\/div><div class=\"fusion-clearfix\"><\/div><\/div><\/div><div class=\"fusion-layout-column fusion_builder_column fusion-builder-column-12 fusion_builder_column_1_2 1_2 fusion-one-half fusion-column-last fusion-column-no-min-height\" style=\"--awb-bg-size:cover;--awb-margin-bottom:0px;width:48%;\"><div class=\"fusion-column-wrapper fusion-flex-column-wrapper-legacy\"><div class=\"fusion-title title fusion-title-7 fusion-title-text fusion-title-size-two\"><h2 class=\"fusion-title-heading title-heading-left fusion-responsive-typography-calculated\" style=\"margin:0;--fontSize:18;--minFontSize:18;line-height:1.5;\"><h2>WHAT PEOPLE SAY ABOUT US?<\/h2><\/h2><span class=\"awb-title-spacer\"><\/span><div class=\"title-sep-container\"><div class=\"title-sep sep- sep-solid\" style=\"border-color:#e0dede;\"><\/div><\/div><\/div><div class=\"fusion-testimonials classic awb-speech-bubble-show fusion-testimonials-3\" style=\"--awb-textcolor:#747474;--awb-backgroundcolor:#f6f6f6;--awb-testimonial-border-style:solid;--awb-testimonial-border-color:var(--awb-color3);--awb-border-top-left-radius:0px;--awb-border-top-right-radius:0px;--awb-border-bottom-left-radius:0px;--awb-border-bottom-right-radius:0px;--testimonial-border-width-top:0px;--testimonial-border-width-right:0px;--testimonial-border-width-bottom:0px;--testimonial-border-width-left:0px;\" data-random=\"0\" data-speed=\"4000\"><div class=\"reviews\"><div class=\"review active-testimonial female\"><blockquote><div class=\"awb-quote\"><div class=\"awb-quote-content\">\n<p>Evimizin tadilat\u0131 nihayet kap\u0131lar\u0131m\u0131z\u0131n da kurulmas\u0131 ile tamamland\u0131. Sonu\u00e7tan \u00e7ok memnunuz ve \u015firketinizi ba\u015fkalar\u0131na tavsiye etmekten mutluluk duyaca\u011f\u0131z.<\/p>\n<\/div><\/div><span class=\"awb-triangle\"><\/span><\/blockquote><div class=\"author\"><span class=\"testimonial-thumbnail doe\"><\/span><span class=\"company-name\"><strong>Bahriye Ko\u00e7er<\/strong><span>, <\/span><span>\u00d6\u011fretmen<\/span><\/span><\/div><\/div><\/div><\/div><div class=\"fusion-testimonials classic awb-speech-bubble-show fusion-testimonials-4\" style=\"--awb-textcolor:#747474;--awb-backgroundcolor:#f6f6f6;--awb-testimonial-border-style:solid;--awb-testimonial-border-color:var(--awb-color3);--awb-border-top-left-radius:0px;--awb-border-top-right-radius:0px;--awb-border-bottom-left-radius:0px;--awb-border-bottom-right-radius:0px;--testimonial-border-width-top:0px;--testimonial-border-width-right:0px;--testimonial-border-width-bottom:0px;--testimonial-border-width-left:0px;\" data-random=\"0\" data-speed=\"4000\"><div class=\"reviews\"><div class=\"review active-testimonial male\"><blockquote><div class=\"awb-quote\"><div class=\"awb-quote-content\">\n<p>Yeni kap\u0131m\u0131z m\u00fcthi\u015f g\u00f6r\u00fcn\u00fcyor ve harika bir i\u015f \u00e7\u0131kard\u0131\u011f\u0131 i\u00e7in Everest Kap\u0131&#8217;ya te\u015fekk\u00fcrlerimizi sunuyoruz. Kesinlikle aile ve arkada\u015flar\u0131m\u0131za tavsiye edece\u011fiz.<\/p>\n<\/div><\/div><span class=\"awb-triangle\"><\/span><\/blockquote><div class=\"author\"><span class=\"testimonial-thumbnail doe\"><\/span><span class=\"company-name\"><strong>Hakan \u00d6z\u00e7elik<\/strong><span>, <\/span><span>Muhasebeci<\/span><\/span><\/div><\/div><\/div><\/div><div class=\"fusion-clearfix\"><\/div><\/div><\/div><div class=\"fusion-layout-column fusion_builder_column fusion-builder-column-13 fusion_builder_column_1_1 1_1 fusion-one-full fusion-column-first fusion-column-last\" style=\"--awb-bg-size:cover;\"><div class=\"fusion-column-wrapper fusion-flex-column-wrapper-legacy\"><div class=\"fusion-title title fusion-title-8 fusion-title-text fusion-title-size-two\"><h2 class=\"fusion-title-heading title-heading-left fusion-responsive-typography-calculated\" style=\"margin:0;--fontSize:18;--minFontSize:18;line-height:1.5;\"><h2>With Everest&#8230;<\/h2><\/h2><span class=\"awb-title-spacer\"><\/span><div class=\"title-sep-container\"><div class=\"title-sep sep- sep-solid\" style=\"border-color:#e0dede;\"><\/div><\/div><\/div><div class=\"fusion-counters-box counters-box row fusion-clearfix fusion-columns-3\" style=\"--awb-color:#e80018;\"><div class=\"fusion-counter-box fusion-column col-counter-box counter-box-wrapper col-lg-4 col-md-4 col-sm-4\" data-animationOffset=\"top-into-view\"><div class=\"counter-box-container\"><div class=\"content-box-percentage content-box-counter\"><span class=\"display-counter\" data-value=\"1309\" data-direction=\"up\" data-decimals=\"0\">0<\/span><\/div><div class=\"counter-box-content\">EXCELLENT PRODUCT<\/div><\/div><\/div><div class=\"fusion-counter-box fusion-column col-counter-box counter-box-wrapper col-lg-4 col-md-4 col-sm-4\" data-animationOffset=\"top-into-view\"><div class=\"counter-box-container\"><div class=\"content-box-percentage content-box-counter\"><span class=\"display-counter\" data-value=\"21560\" data-direction=\"up\" data-decimals=\"0\">0<\/span><\/div><div class=\"counter-box-content\">HAPPY CUSTOMER<\/div><\/div><\/div><div class=\"fusion-counter-box fusion-column col-counter-box counter-box-wrapper col-lg-4 col-md-4 col-sm-4\" data-animationOffset=\"top-into-view\"><div class=\"counter-box-container\"><div class=\"content-box-percentage content-box-counter\"><span class=\"display-counter\" data-value=\"216\" data-direction=\"up\" data-decimals=\"0\">0<\/span><\/div><div class=\"counter-box-content\">DIFFERENT DESIGN<\/div><\/div><\/div><\/div><div class=\"clearfix\"><\/div><div class=\"fusion-clearfix\"><\/div><\/div><\/div><div class=\"fusion-layout-column fusion_builder_column fusion-builder-column-14 fusion_builder_column_1_1 1_1 fusion-one-full fusion-column-first fusion-column-last fusion-column-no-min-height\" style=\"--awb-bg-size:cover;--awb-margin-bottom:0px;\"><div class=\"fusion-column-wrapper fusion-flex-column-wrapper-legacy\"><div class=\"fusion-sep-clear\"><\/div><div class=\"fusion-separator fusion-full-width-sep\" style=\"margin-left: auto;margin-right: auto;margin-top:15px;margin-bottom:15px;width:100%;\"><\/div><div class=\"fusion-sep-clear\"><\/div><div class=\"fusion-clearfix\"><\/div><\/div><\/div><\/div><\/div><\/p>","protected":false},"excerpt":{"rendered":"","protected":false},"author":1,"featured_media":0,"parent":0,"menu_order":0,"comment_status":"open","ping_status":"open","template":"","meta":{"footnotes":""},"class_list":["post-11872","page","type-page","status-publish","hentry"],"_links":{"self":[{"href":"https:\/\/everestkapi.com.tr\/en\/wp-json\/wp\/v2\/pages\/11872","targetHints":{"allow":["GET"]}}],"collection":[{"href":"https:\/\/everestkapi.com.tr\/en\/wp-json\/wp\/v2\/pages"}],"about":[{"href":"https:\/\/everestkapi.com.tr\/en\/wp-json\/wp\/v2\/types\/page"}],"author":[{"embeddable":true,"href":"https:\/\/everestkapi.com.tr\/en\/wp-json\/wp\/v2\/users\/1"}],"replies":[{"embeddable":true,"href":"https:\/\/everestkapi.com.tr\/en\/wp-json\/wp\/v2\/comments?post=11872"}],"version-history":[{"count":60,"href":"https:\/\/everestkapi.com.tr\/en\/wp-json\/wp\/v2\/pages\/11872\/revisions"}],"predecessor-version":[{"id":14683,"href":"https:\/\/everestkapi.com.tr\/en\/wp-json\/wp\/v2\/pages\/11872\/revisions\/14683"}],"wp:attachment":[{"href":"https:\/\/everestkapi.com.tr\/en\/wp-json\/wp\/v2\/media?parent=11872"}],"curies":[{"name":"wp","href":"https:\/\/api.w.org\/{rel}","templated":true}]}}