{"id":11833,"date":"2018-10-30T13:57:30","date_gmt":"2018-10-30T11:57:30","guid":{"rendered":"http:\/\/everestkapi.com.tr\/?page_id=11833"},"modified":"2020-12-21T12:34:18","modified_gmt":"2020-12-21T09:34:18","slug":"iletisim","status":"publish","type":"page","link":"https:\/\/everestkapi.com.tr\/en\/iletisim\/","title":{"rendered":"CONTACT US"},"content":{"rendered":"<div class=\"fusion-fullwidth fullwidth-box fusion-builder-row-1 nonhundred-percent-fullwidth non-hundred-percent-height-scrolling\" style=\"--awb-border-radius-top-left:0px;--awb-border-radius-top-right:0px;--awb-border-radius-bottom-right:0px;--awb-border-radius-bottom-left:0px;--awb-flex-wrap:wrap;\" ><div class=\"fusion-builder-row fusion-row\"><div class=\"fusion-layout-column fusion_builder_column fusion-builder-column-0 fusion_builder_column_1_3 1_3 fusion-one-third fusion-column-first\" style=\"--awb-bg-size:cover;width:33.333333333333%;width:calc(33.333333333333% - ( ( 4% ) * 0.33333333333333 ) );margin-right: 4%;\"><div class=\"fusion-column-wrapper fusion-flex-column-wrapper-legacy\"><div class=\"fusion-widget-area awb-widget-area-element fusion-widget-area-1 fusion-content-widget-area\" style=\"--awb-title-size:14px;--awb-title-color:#333333;--awb-padding:0px 0px 0px 0px;\"><div id=\"custom_html-2\" class=\"widget_text widget widget_custom_html\" style=\"border-style: solid;border-color:transparent;border-width:0px;\"><div class=\"textwidget custom-html-widget\"><div class=\"accordian fusion-accordian\" style=\"--awb-border-size:1px;--awb-icon-size:13px;--awb-content-font-size:13px;--awb-icon-alignment:left;--awb-hover-color:#f9f9f9;--awb-border-color:#cccccc;--awb-background-color:#ffffff;--awb-divider-color:#e0dede;--awb-divider-hover-color:#e0dede;--awb-icon-color:#ffffff;--awb-title-color:#333333;--awb-content-color:#747474;--awb-icon-box-color:#333333;--awb-toggle-hover-accent-color:#e80018;--awb-title-font-family:&quot;Open Sans&quot;;--awb-title-font-weight:300;--awb-title-font-style:normal;--awb-title-font-size:14px;--awb-title-letter-spacing:0px;--awb-title-line-height:1.43;--awb-content-font-family:&quot;Open Sans&quot;;--awb-content-font-style:normal;--awb-content-font-weight:400;\"><div class=\"panel-group fusion-toggle-icon-boxed\" id=\"accordion--1\"><div class=\"fusion-panel panel-default panel-432fe4d27875bfdf4 fusion-toggle-has-divider\"><div class=\"panel-heading\"><h4 class=\"panel-title toggle\" id=\"toggle_432fe4d27875bfdf4\"><a class=\"active\" aria-expanded=\"true\" aria-controls=\"432fe4d27875bfdf4\" role=\"button\" data-toggle=\"collapse\" data-parent=\"#accordion--1\" data-target=\"#432fe4d27875bfdf4\" href=\"#432fe4d27875bfdf4\"><span class=\"fusion-toggle-icon-wrapper\" aria-hidden=\"true\"><i class=\"fa-fusion-box active-icon awb-icon-minus\" aria-hidden=\"true\"><\/i><i class=\"fa-fusion-box inactive-icon awb-icon-plus\" aria-hidden=\"true\"><\/i><\/span><span class=\"fusion-toggle-heading\">FACTORY ADRESS<\/span><\/a><\/h4><\/div><div id=\"432fe4d27875bfdf4\" class=\"panel-collapse collapse in\" aria-labelledby=\"toggle_432fe4d27875bfdf4\"><div class=\"panel-body toggle-content fusion-clearfix\"><p>Organize Sanayi B\u00f6lgesi 2. Cadde No: 1 MEL\u0130KGAZ\u0130 \/ KAYSER\u0130<\/p><p>Telefon: +90 (352) 321 20 18<\/p><p>Faks: +90 (352) 321 20 28<\/p><p>E-Posta: <a href=\"mailto:info@everestkapi.com.tr\">info@everestkapi.com.tr<\/a> - <a href=\"mailto:exim@everestkapi.com.tr\">exim@everestkapi.com.tr<\/a><\/p><p>\u00a0<\/p><\/div><\/div><\/div><div class=\"fusion-panel panel-default panel-7a72a2f2fda851f1e fusion-toggle-has-divider\"><div class=\"panel-heading\"><h4 class=\"panel-title toggle\" id=\"toggle_7a72a2f2fda851f1e\"><a aria-expanded=\"false\" aria-controls=\"7a72a2f2fda851f1e\" role=\"button\" data-toggle=\"collapse\" data-parent=\"#accordion--1\" data-target=\"#7a72a2f2fda851f1e\" href=\"#7a72a2f2fda851f1e\"><span class=\"fusion-toggle-icon-wrapper\" aria-hidden=\"true\"><i class=\"fa-fusion-box active-icon awb-icon-minus\" aria-hidden=\"true\"><\/i><i class=\"fa-fusion-box inactive-icon awb-icon-plus\" aria-hidden=\"true\"><\/i><\/span><span class=\"fusion-toggle-heading\">EXPORT OF\u0130S<\/span><\/a><\/h4><\/div><div id=\"7a72a2f2fda851f1e\" class=\"panel-collapse collapse \" aria-labelledby=\"toggle_7a72a2f2fda851f1e\"><div class=\"panel-body toggle-content fusion-clearfix\">Gsm: +90 (542) 502 38 18<\/div><\/div><\/div><div class=\"fusion-panel panel-default panel-61a42cc74bfa4c7d0 fusion-toggle-has-divider\"><div class=\"panel-heading\"><h4 class=\"panel-title toggle\" id=\"toggle_61a42cc74bfa4c7d0\"><a aria-expanded=\"false\" aria-controls=\"61a42cc74bfa4c7d0\" role=\"button\" data-toggle=\"collapse\" data-parent=\"#accordion--1\" data-target=\"#61a42cc74bfa4c7d0\" href=\"#61a42cc74bfa4c7d0\"><span class=\"fusion-toggle-icon-wrapper\" aria-hidden=\"true\"><i class=\"fa-fusion-box active-icon awb-icon-minus\" aria-hidden=\"true\"><\/i><i class=\"fa-fusion-box inactive-icon awb-icon-plus\" aria-hidden=\"true\"><\/i><\/span><span class=\"fusion-toggle-heading\">SHOWROOM \/ \u0130ZM\u0130R\r\n<\/span><\/a><\/h4><\/div><div id=\"61a42cc74bfa4c7d0\" class=\"panel-collapse collapse \" aria-labelledby=\"toggle_61a42cc74bfa4c7d0\"><div class=\"panel-body toggle-content fusion-clearfix\">Adalet Mah.  \u015eehit Polis \u00dcste\u011fmen T\u00fcrker Ayd\u0131n Sk. 129\/C Bayrakl\u0131\/ \u0130zmir - T\u00dcRK\u0130YE\r\n<br\/>\r\nTelefon: 0 (232) 966 40 66<\/div><\/div><\/div>\r\n<div class=\"fusion-panel panel-default panel-c2bd5db6ff67bb0fe fusion-toggle-has-divider\"><div class=\"panel-heading\"><h4 class=\"panel-title toggle\" id=\"toggle_c2bd5db6ff67bb0fe\"><a aria-expanded=\"false\" aria-controls=\"c2bd5db6ff67bb0fe\" role=\"button\" data-toggle=\"collapse\" data-parent=\"#accordion--1\" data-target=\"#c2bd5db6ff67bb0fe\" href=\"#c2bd5db6ff67bb0fe\"><span class=\"fusion-toggle-icon-wrapper\" aria-hidden=\"true\"><i class=\"fa-fusion-box active-icon awb-icon-minus\" aria-hidden=\"true\"><\/i><i class=\"fa-fusion-box inactive-icon awb-icon-plus\" aria-hidden=\"true\"><\/i><\/span><span class=\"fusion-toggle-heading\">KARADEN\u0130Z B\u00d6LGE M\u00dcD\u00dcR\u00dc<\/span><\/a><\/h4><\/div><div id=\"c2bd5db6ff67bb0fe\" class=\"panel-collapse collapse \" aria-labelledby=\"toggle_c2bd5db6ff67bb0fe\"><div class=\"panel-body toggle-content fusion-clearfix\">Gsm: +90 (542) 288 08 38<\/div><\/div><\/div>\r\n<\/div><\/div><\/div><\/div><div id=\"social_links-widget-3\" class=\"widget social_links\" style=\"border-style: solid;border-color:transparent;border-width:0px;\"><div class=\"heading\"><h4 class=\"widget-title\">Follow Us<\/h4><\/div>\n\t\t<div class=\"fusion-social-networks boxed-icons\">\n\n\t\t\t<div class=\"fusion-social-networks-wrapper\">\n\t\t\t\t\t\t\t\t\t\t\t\t\t\t\t\t\t\t\t\t\t\t\t\t\t\t\t\t\n\t\t\t\t\t\t\n\t\t\t\t\t\t\t\t\t\t\t\t\t\t\t\t\t\t\t\t\t\t\t\t\t\t\t\t\t\t\t\t\t\t\t<a class=\"fusion-social-network-icon fusion-tooltip fusion-facebook awb-icon-facebook\" href=\"https:\/\/www.facebook.com\/everestdoor\/\"  data-placement=\"top\" data-title=\"Facebook\" data-toggle=\"tooltip\" data-original-title=\"\"  title=\"Facebook\" aria-label=\"Facebook\" rel=\"noopener noreferrer\" target=\"_self\" style=\"border-radius:4px;padding:8px;font-size:16px;color:#bebdbd;background-color:#e8e8e8;border-color:#e8e8e8;\"><\/a>\n\t\t\t\t\t\t\t\t\t\t\t\n\t\t\t\t\t\t\t\t\t\t\n\t\t\t\t\t\t\t\t\t\t\t\t\t\t\t\t\t\t\t\t\n\t\t\t\t\t\t\n\t\t\t\t\t\t\t\t\t\t\t\t\t\t\t\t\t\t\t\t\t\t\t\t\t\t\t\t\t\t\t\t\t\t\t<a class=\"fusion-social-network-icon fusion-tooltip fusion-instagram awb-icon-instagram\" href=\"https:\/\/www.instagram.com\/everestkapi\/\"  data-placement=\"top\" data-title=\"Instagram\" data-toggle=\"tooltip\" data-original-title=\"\"  title=\"Instagram\" aria-label=\"Instagram\" rel=\"noopener noreferrer\" target=\"_self\" style=\"border-radius:4px;padding:8px;font-size:16px;color:#bebdbd;background-color:#e8e8e8;border-color:#e8e8e8;\"><\/a>\n\t\t\t\t\t\t\t\t\t\t\t\n\t\t\t\t\t\t\t\t\t\t\n\t\t\t\t\t\t\t\t\t\t\t\t\t\t\t\t\t\t\t\t\n\t\t\t\t\t\t\n\t\t\t\t\t\t\t\t\t\t\t\t\t\t\t\t\t\t\t\t\t\t\t\t\t\t\t\t\t\t\t\t\t\t\t<a class=\"fusion-social-network-icon fusion-tooltip fusion-youtube awb-icon-youtube\" href=\"https:\/\/www.youtube.com\/watch?v=FQF5EVS7bNU\"  data-placement=\"top\" data-title=\"Youtube\" data-toggle=\"tooltip\" data-original-title=\"\"  title=\"YouTube\" aria-label=\"YouTube\" rel=\"noopener noreferrer\" target=\"_self\" style=\"border-radius:4px;padding:8px;font-size:16px;color:#bebdbd;background-color:#e8e8e8;border-color:#e8e8e8;\"><\/a>\n\t\t\t\t\t\t\t\t\t\t\t\n\t\t\t\t\t\t\t\t\t\t\n\t\t\t\t\n\t\t\t<\/div>\n\t\t<\/div>\n\n\t\t<\/div><div class=\"fusion-additional-widget-content\"><\/div><\/div><div class=\"fusion-clearfix\"><\/div><\/div><\/div><div class=\"fusion-layout-column fusion_builder_column fusion-builder-column-1 fusion_builder_column_2_3 2_3 fusion-two-third fusion-column-last\" style=\"--awb-bg-size:cover;width:66.666666666667%;width:calc(66.666666666667% - ( ( 4% ) * 0.66666666666667 ) );\"><div class=\"fusion-column-wrapper fusion-flex-column-wrapper-legacy\">\t\t\t\t\t<script type=\"text\/javascript\">\n\t\t\t\t\t\tvar map_fusion_map_69d0d01c6cd69;\n\t\t\t\t\t\tvar markers = [];\n\t\t\t\t\t\tvar counter = 0;\n\t\t\t\t\t\t\t\t\t\t\t\t\t\t\t\t\t\t\t\tvar fusionMapNonce = 'abebf05fbd';\n\t\t\t\t\t\t\t\t\t\t\t\tfunction fusion_run_map_fusion_map_69d0d01c6cd69() {\n\t\t\t\t\t\t\tjQuery ('#fusion_map_69d0d01c6cd69' ).fusion_maps( {\n\t\t\t\t\t\t\t\taddresses: [{\"address\":\"EVEREST \\u00c7EL\\u0130K KAPI<br \\\/>\\nOrganize Sanayi B\\u00f6lgesi 2. Cadde No: 1 MEL\\u0130KGAZ\\u0130 \\\/ KAYSER\\u0130\",\"infobox_content\":\"EVEREST \\u00c7EL\\u0130K KAPI<br \\\/>\\\\nOrganize Sanayi B\\u00f6lgesi 2. Cadde No: 1 MEL\\u0130KGAZ\\u0130 \\\/ KAYSER\\u0130\",\"coordinates\":false,\"cache\":true,\"latitude\":\"38.720369\",\"longitude\":\"35.381094\"}],\n\t\t\t\t\t\t\t\tanimations: true,\n\t\t\t\t\t\t\t\tinfobox_background_color: '',\n\t\t\t\t\t\t\t\tinfobox_styling: 'default',\n\t\t\t\t\t\t\t\tinfobox_text_color: '',\n\t\t\t\t\t\t\t\tmap_style: 'default',\n\t\t\t\t\t\t\t\tmap_type: 'roadmap',\n\t\t\t\t\t\t\t\tmarker_icon: '',\n\t\t\t\t\t\t\t\toverlay_color: '',\n\t\t\t\t\t\t\t\toverlay_color_hsl: {\"hue\":0,\"sat\":0,\"lum\":100},\n\t\t\t\t\t\t\t\tshow_address: true,\n\t\t\t\t\t\t\t\tscale_control: true,\n\t\t\t\t\t\t\t\tscrollwheel: true,\n\t\t\t\t\t\t\t\tzoom: 14,\n\t\t\t\t\t\t\t\tzoom_control: true,\n\t\t\t\t\t\t\t} );\n\t\t\t\t\t\t}\n\n\t\t\t\t\t\tgoogle.maps.event.addDomListener(window, 'load', fusion_run_map_fusion_map_69d0d01c6cd69);\n\t\t\t\t\t<\/script>\n\t\t\t\t\t<div class=\"shortcode-map fusion-google-map fusion-maps-js-type\" id=\"fusion_map_69d0d01c6cd69\"><\/div><div class=\"fusion-clearfix\"><\/div><\/div><\/div><\/div><\/div>\n","protected":false},"excerpt":{"rendered":"","protected":false},"author":1,"featured_media":0,"parent":0,"menu_order":0,"comment_status":"open","ping_status":"open","template":"","meta":{"footnotes":""},"class_list":["post-11833","page","type-page","status-publish","hentry"],"_links":{"self":[{"href":"https:\/\/everestkapi.com.tr\/en\/wp-json\/wp\/v2\/pages\/11833","targetHints":{"allow":["GET"]}}],"collection":[{"href":"https:\/\/everestkapi.com.tr\/en\/wp-json\/wp\/v2\/pages"}],"about":[{"href":"https:\/\/everestkapi.com.tr\/en\/wp-json\/wp\/v2\/types\/page"}],"author":[{"embeddable":true,"href":"https:\/\/everestkapi.com.tr\/en\/wp-json\/wp\/v2\/users\/1"}],"replies":[{"embeddable":true,"href":"https:\/\/everestkapi.com.tr\/en\/wp-json\/wp\/v2\/comments?post=11833"}],"version-history":[{"count":18,"href":"https:\/\/everestkapi.com.tr\/en\/wp-json\/wp\/v2\/pages\/11833\/revisions"}],"predecessor-version":[{"id":14474,"href":"https:\/\/everestkapi.com.tr\/en\/wp-json\/wp\/v2\/pages\/11833\/revisions\/14474"}],"wp:attachment":[{"href":"https:\/\/everestkapi.com.tr\/en\/wp-json\/wp\/v2\/media?parent=11833"}],"curies":[{"name":"wp","href":"https:\/\/api.w.org\/{rel}","templated":true}]}}