{"id":13136,"date":"2020-05-17T12:54:56","date_gmt":"2020-05-17T09:54:56","guid":{"rendered":"https:\/\/everestkapi.com.tr\/?page_id=13136"},"modified":"2020-05-17T12:54:56","modified_gmt":"2020-05-17T09:54:56","slug":"kisisel-verilerin-korunmasi","status":"publish","type":"page","link":"https:\/\/everestkapi.com.tr\/ar\/kisisel-verilerin-korunmasi\/","title":{"rendered":"K\u0130\u015e\u0130SEL VER\u0130LER\u0130N KORUNMASI"},"content":{"rendered":"<p class=\"qtranxs-available-languages-message qtranxs-available-languages-message-ar\">\u0639\u0641\u0648\u0627\u060c \u0647\u0630\u0647 \u0627\u0644\u0645\u062f\u062e\u0644\u0629 \u0645\u0648\u062c\u0648\u062f\u0629 \u0641\u0642\u0637 \u0641\u064a <a href=\"https:\/\/everestkapi.com.tr\/tr\/wp-json\/wp\/v2\/pages\/13136\" class=\"qtranxs-available-language-link qtranxs-available-language-link-tr\" title=\"Turkish\">Turkish<\/a>.<\/p>","protected":false},"excerpt":{"rendered":"","protected":false},"author":1,"featured_media":0,"parent":0,"menu_order":0,"comment_status":"closed","ping_status":"closed","template":"","meta":{"footnotes":""},"class_list":["post-13136","page","type-page","status-publish","hentry"],"_links":{"self":[{"href":"https:\/\/everestkapi.com.tr\/ar\/wp-json\/wp\/v2\/pages\/13136","targetHints":{"allow":["GET"]}}],"collection":[{"href":"https:\/\/everestkapi.com.tr\/ar\/wp-json\/wp\/v2\/pages"}],"about":[{"href":"https:\/\/everestkapi.com.tr\/ar\/wp-json\/wp\/v2\/types\/page"}],"author":[{"embeddable":true,"href":"https:\/\/everestkapi.com.tr\/ar\/wp-json\/wp\/v2\/users\/1"}],"replies":[{"embeddable":true,"href":"https:\/\/everestkapi.com.tr\/ar\/wp-json\/wp\/v2\/comments?post=13136"}],"version-history":[{"count":1,"href":"https:\/\/everestkapi.com.tr\/ar\/wp-json\/wp\/v2\/pages\/13136\/revisions"}],"predecessor-version":[{"id":13137,"href":"https:\/\/everestkapi.com.tr\/ar\/wp-json\/wp\/v2\/pages\/13136\/revisions\/13137"}],"wp:attachment":[{"href":"https:\/\/everestkapi.com.tr\/ar\/wp-json\/wp\/v2\/media?parent=13136"}],"curies":[{"name":"wp","href":"https:\/\/api.w.org\/{rel}","templated":true}]}}