{"id":13127,"date":"2020-05-17T12:05:48","date_gmt":"2020-05-17T09:05:48","guid":{"rendered":"https:\/\/everestkapi.com.tr\/?page_id=13127"},"modified":"2020-12-21T12:25:21","modified_gmt":"2020-12-21T09:25:21","slug":"is-basvuru-formu","status":"publish","type":"page","link":"https:\/\/everestkapi.com.tr\/ar\/is-basvuru-formu\/","title":{"rendered":"JOB APPLICATION FORM"},"content":{"rendered":"<p><div class=\"fusion-fullwidth fullwidth-box fusion-builder-row-5 nonhundred-percent-fullwidth non-hundred-percent-height-scrolling\" style=\"--awb-border-radius-top-left:0px;--awb-border-radius-top-right:0px;--awb-border-radius-bottom-right:0px;--awb-border-radius-bottom-left:0px;--awb-flex-wrap:wrap;\" ><div class=\"fusion-builder-row fusion-row\"><div class=\"fusion-layout-column fusion_builder_column fusion-builder-column-8 fusion_builder_column_1_3 1_3 fusion-one-third fusion-column-first\" style=\"--awb-bg-size:cover;width:33.333333333333%;width:calc(33.333333333333% - ( ( 4% ) * 0.33333333333333 ) );margin-left: 4%;\"><div class=\"fusion-column-wrapper fusion-column-has-shadow fusion-flex-column-wrapper-legacy\"><div class=\"fusion-widget fusion-widget-element fusion-widget-area fusion-content-widget-area wpWidget-5 wp_nav_menu_widget\" style=\"--awb-fusion-border-size:0px;--awb-fusion-border-style:solid;\"><div class=\"widget widget_nav_menu\"><div class=\"heading\"><h4 class=\"widget-title\">\u0130LET\u0130\u015e\u0130M<\/h4><\/div><div class=\"menu-iletisim-widget-container\"><ul id=\"menu-iletisim-widget-4\" class=\"menu\"><li class=\"menu-item menu-item-type-post_type menu-item-object-page menu-item-13107\"><a href=\"https:\/\/everestkapi.com.tr\/ar\/bayilik-basvuru-formu\/\">\u0625\u0646\u0634\u0627\u0621 \u0637\u0644\u0628 \u062a\u0648\u0643\u064a\u0644<\/a><\/li>\n<li class=\"menu-item menu-item-type-post_type menu-item-object-page menu-item-13106\"><a href=\"https:\/\/everestkapi.com.tr\/ar\/mail-order-formu\/\">\u0646\u0645\u0648\u0630\u062c \u0637\u0644\u0628 \u0639\u0628\u0631 \u0627\u0644\u0628\u0631\u064a\u062f<\/a><\/li>\n<li class=\"menu-item menu-item-type-post_type menu-item-object-page menu-item-13105\"><a href=\"https:\/\/everestkapi.com.tr\/ar\/fatura-bilgileri\/\">\u0645\u0639\u0644\u0648\u0645\u0627\u062a \u0627\u0644\u0641\u0627\u062a\u0648\u0631\u0629<\/a><\/li>\n<li class=\"menu-item menu-item-type-post_type menu-item-object-page menu-item-13133\"><a href=\"https:\/\/everestkapi.com.tr\/ar\/is-basvuru-formu\/\">\u0625\u0646\u0634\u0627\u0621 \u0637\u0644\u0628 \u062a\u0648\u0638\u064a\u0641<\/a><\/li>\n<li class=\"menu-item menu-item-type-post_type menu-item-object-page menu-item-13122\"><a href=\"https:\/\/everestkapi.com.tr\/ar\/iletisim-formu\/\">\u0637\u0644\u0628 \u0627\u062a\u0635\u0627\u0644<\/a><\/li>\n<li class=\"menu-item menu-item-type-post_type menu-item-object-page menu-item-13108\"><a href=\"https:\/\/everestkapi.com.tr\/ar\/iletisim\/\">\u0627\u062a\u0635\u0644 \u0628\u0646\u0627<\/a><\/li>\n<\/ul><\/div><\/div><\/div><div class=\"fusion-clearfix\"><\/div><\/div><\/div>\n<div class=\"fusion-layout-column fusion_builder_column fusion-builder-column-9 fusion_builder_column_2_3 2_3 fusion-two-third fusion-column-last\" style=\"--awb-bg-size:cover;width:66.666666666667%;width:calc(66.666666666667% - ( ( 4% ) * 0.66666666666667 ) );\"><div class=\"fusion-column-wrapper fusion-column-has-shadow fusion-flex-column-wrapper-legacy\"><div class=\"fusion-title title fusion-title-5 fusion-title-text fusion-title-size-two\"><h2 class=\"fusion-title-heading title-heading-left fusion-responsive-typography-calculated\" style=\"margin:0;--fontSize:18;--minFontSize:18;line-height:1.5;\">JOB APPLICATION FORM<\/h2><span class=\"awb-title-spacer\"><\/span><div class=\"title-sep-container\"><div class=\"title-sep sep- sep-solid\" style=\"border-color:#e0dede;\"><\/div><\/div><\/div>\n<div class=\"wpcf7 no-js\" id=\"wpcf7-f13130-o5\" lang=\"tr-TR\" dir=\"ltr\" data-wpcf7-id=\"13130\">\n<div class=\"screen-reader-response\"><p role=\"status\" aria-live=\"polite\" aria-atomic=\"true\"><\/p> <ul><\/ul><\/div>\n<form action=\"\/ar\/wp-json\/wp\/v2\/pages\/13127#wpcf7-f13130-o5\" method=\"post\" class=\"wpcf7-form init\" aria-label=\"\u0130leti\u015fim Formu\" novalidate=\"novalidate\" data-status=\"init\">\n<fieldset class=\"hidden-fields-container\"><input type=\"hidden\" name=\"_wpcf7\" value=\"13130\" \/><input type=\"hidden\" name=\"_wpcf7_version\" value=\"6.1.2\" \/><input type=\"hidden\" name=\"_wpcf7_locale\" value=\"tr_TR\" \/><input type=\"hidden\" name=\"_wpcf7_unit_tag\" value=\"wpcf7-f13130-o5\" \/><input type=\"hidden\" name=\"_wpcf7_container_post\" value=\"0\" \/><input type=\"hidden\" name=\"_wpcf7_posted_data_hash\" value=\"\" \/>\n<\/fieldset>\n<p><label> Ad\u0131n\u0131z Soyad\u0131n\u0131z <span class=\"wpcf7-form-control-wrap\" data-name=\"ad-soyad\"><input size=\"40\" maxlength=\"400\" class=\"wpcf7-form-control wpcf7-text wpcf7-validates-as-required\" aria-required=\"true\" aria-invalid=\"false\" value=\"\" type=\"text\" name=\"ad-soyad\" \/><\/span> <\/label>\n<\/p>\n<p><label> Do\u011fum Yeriniz <span class=\"wpcf7-form-control-wrap\" data-name=\"dogum-yeri\"><input size=\"40\" maxlength=\"400\" class=\"wpcf7-form-control wpcf7-text wpcf7-validates-as-required\" aria-required=\"true\" aria-invalid=\"false\" value=\"\" type=\"text\" name=\"dogum-yeri\" \/><\/span> <\/label>\n<\/p>\n<p><label> Do\u011fum Tarihiniz <span class=\"wpcf7-form-control-wrap\" data-name=\"dogum-tarihi\"><input class=\"wpcf7-form-control wpcf7-date wpcf7-validates-as-required wpcf7-validates-as-date\" aria-required=\"true\" aria-invalid=\"false\" value=\"\" type=\"date\" name=\"dogum-tarihi\" \/><\/span><\/label>\n<\/p>\n<p><label> Cinsiyetiniz <span class=\"wpcf7-form-control-wrap\" data-name=\"cinsiyet\"><span class=\"wpcf7-form-control wpcf7-radio\"><span class=\"wpcf7-list-item first\"><input type=\"radio\" name=\"cinsiyet\" value=\"Kad\u0131n\" checked=\"checked\" \/><span class=\"wpcf7-list-item-label\">Kad\u0131n<\/span><\/span><span class=\"wpcf7-list-item last\"><input type=\"radio\" name=\"cinsiyet\" value=\"Erkek\" \/><span class=\"wpcf7-list-item-label\">Erkek<\/span><\/span><\/span><\/span><\/label>\n<\/p>\n<p><label> Uyru\u011funuz <span class=\"wpcf7-form-control-wrap\" data-name=\"uyruk\"><span class=\"wpcf7-form-control wpcf7-radio\"><span class=\"wpcf7-list-item first\"><input type=\"radio\" name=\"uyruk\" value=\"TC\" checked=\"checked\" \/><span class=\"wpcf7-list-item-label\">TC<\/span><\/span><span class=\"wpcf7-list-item last\"><input type=\"radio\" name=\"uyruk\" value=\"Di\u011fer\" \/><span class=\"wpcf7-list-item-label\">Di\u011fer<\/span><\/span><\/span><\/span><\/label>\n<\/p>\n<p><label> \u00d6\u011frenim Durumunuz<span class=\"wpcf7-form-control-wrap\" data-name=\"ogrenim\"><select class=\"wpcf7-form-control wpcf7-select wpcf7-validates-as-required\" aria-required=\"true\" aria-invalid=\"false\" name=\"ogrenim\"><option value=\"\u0130lk Okul\">\u0130lk Okul<\/option><option value=\"Orta Okul\">Orta Okul<\/option><option value=\"Lise\">Lise<\/option><option value=\"\u00d6n Lisans\">\u00d6n Lisans<\/option><option value=\"Lisans\">Lisans<\/option><option value=\"Y\u00fcksek Lisans\">Y\u00fcksek Lisans<\/option><option value=\"Doktora\">Doktora<\/option><\/select><\/span> <span class=\"wpcf7-form-control-wrap\" data-name=\"durum\"><span class=\"wpcf7-form-control wpcf7-radio\"><span class=\"wpcf7-list-item first\"><input type=\"radio\" name=\"durum\" value=\"Mezun\" \/><span class=\"wpcf7-list-item-label\">Mezun<\/span><\/span><span class=\"wpcf7-list-item last\"><input type=\"radio\" name=\"durum\" value=\"Devam Ediyor\" \/><span class=\"wpcf7-list-item-label\">Devam Ediyor<\/span><\/span><\/span><\/span> <\/label>\n<\/p>\n<p><label> Askerlik Durumunuz<span class=\"wpcf7-form-control-wrap\" data-name=\"askerlik\"><select class=\"wpcf7-form-control wpcf7-select wpcf7-validates-as-required\" aria-required=\"true\" aria-invalid=\"false\" name=\"askerlik\"><option value=\"Yap\u0131ld\u0131\">Yap\u0131ld\u0131<\/option><option value=\"Muaf\">Muaf<\/option><option value=\"Tecilli\">Tecilli<\/option><\/select><\/span> <\/label>\n<\/p>\n<p><label> Ehliyet Varm\u0131 <span class=\"wpcf7-form-control-wrap\" data-name=\"ehliyet-varmi\"><span class=\"wpcf7-form-control wpcf7-radio\"><span class=\"wpcf7-list-item first\"><input type=\"radio\" name=\"ehliyet-varmi\" value=\"Evet\" \/><span class=\"wpcf7-list-item-label\">Evet<\/span><\/span><span class=\"wpcf7-list-item last\"><input type=\"radio\" name=\"ehliyet-varmi\" value=\"Hay\u0131r\" \/><span class=\"wpcf7-list-item-label\">Hay\u0131r<\/span><\/span><\/span><\/span> <\/label>\n<\/p>\n<p><label> Ehliyet Tipi <span class=\"wpcf7-form-control-wrap\" data-name=\"ehliyet-tipi\"><select class=\"wpcf7-form-control wpcf7-select wpcf7-validates-as-required\" aria-required=\"true\" aria-invalid=\"false\" name=\"ehliyet-tipi\"><option value=\"A\">A<\/option><option value=\"B\">B<\/option><option value=\"C\">C<\/option><option value=\"D\">D<\/option><option value=\"F\">F<\/option><option value=\"G\">G<\/option><\/select><\/span> <\/label>\n<\/p>\n<p><label> Cep Telefonu <span class=\"wpcf7-form-control-wrap\" data-name=\"cep-telefon\"><input size=\"40\" maxlength=\"400\" class=\"wpcf7-form-control wpcf7-tel wpcf7-validates-as-required wpcf7-text wpcf7-validates-as-tel\" aria-required=\"true\" aria-invalid=\"false\" value=\"\" type=\"tel\" name=\"cep-telefon\" \/><\/span><\/label>\n<\/p>\n<p><label> E-posta Adresi <span class=\"wpcf7-form-control-wrap\" data-name=\"e-posta\"><input size=\"40\" maxlength=\"400\" class=\"wpcf7-form-control wpcf7-email wpcf7-validates-as-required wpcf7-text wpcf7-validates-as-email\" aria-required=\"true\" aria-invalid=\"false\" value=\"\" type=\"email\" name=\"e-posta\" \/><\/span><\/label>\n<\/p>\n<hr \/>\n<p><label> Adresiniz <span class=\"wpcf7-form-control-wrap\" data-name=\"adresiniz\"><textarea cols=\"40\" rows=\"10\" maxlength=\"2000\" class=\"wpcf7-form-control wpcf7-textarea wpcf7-validates-as-required\" aria-required=\"true\" aria-invalid=\"false\" name=\"adresiniz\"><\/textarea><\/span><\/label>\n<\/p>\n<p><label> Ba\u015fvuru Yap\u0131lan Departmnan <span class=\"wpcf7-form-control-wrap\" data-name=\"departman\"><select class=\"wpcf7-form-control wpcf7-select wpcf7-validates-as-required\" aria-required=\"true\" aria-invalid=\"false\" name=\"departman\"><option value=\"Pazarlama\">Pazarlama<\/option><option value=\"Muhasebe\">Muhasebe<\/option><option value=\"D\u0131\u015f Ticaret\">D\u0131\u015f Ticaret<\/option><option value=\"Arge Tasar\u0131m\">Arge Tasar\u0131m<\/option><option value=\"\u00dcretim\">\u00dcretim<\/option><\/select><\/span> <\/label>\n<\/p>\n<p><label> \u0130\u015f Tecr\u00fcbesi <span class=\"wpcf7-form-control-wrap\" data-name=\"tecrube\"><select class=\"wpcf7-form-control wpcf7-select wpcf7-validates-as-required\" aria-required=\"true\" aria-invalid=\"false\" name=\"tecrube\"><option value=\"1-3 Y\u0131l\">1-3 Y\u0131l<\/option><option value=\"3-5 Y\u0131l\">3-5 Y\u0131l<\/option><option value=\"5-7 Y\u0131l\">5-7 Y\u0131l<\/option><option value=\"7-10 Y\u0131l\">7-10 Y\u0131l<\/option><option value=\"10 ve \u00dczeri\">10 ve \u00dczeri<\/option><\/select><\/span> <\/label>\n<\/p>\n<p><label> \u015eu an \u00e7al\u0131\u015f\u0131yor musunuz? <span class=\"wpcf7-form-control-wrap\" data-name=\"calisiyormu\"><span class=\"wpcf7-form-control wpcf7-radio\"><span class=\"wpcf7-list-item first\"><input type=\"radio\" name=\"calisiyormu\" value=\"Evet\" \/><span class=\"wpcf7-list-item-label\">Evet<\/span><\/span><span class=\"wpcf7-list-item last\"><input type=\"radio\" name=\"calisiyormu\" value=\"Hay\u0131r\" \/><span class=\"wpcf7-list-item-label\">Hay\u0131r<\/span><\/span><\/span><\/span> <\/label>\n<\/p>\n<p><label> En son \u00e7al\u0131\u015ft\u0131\u011f\u0131n\u0131z i\u015fyeri ile ilgili bilgiler<\/label>\n<\/p>\n<p><label> \u0130\u015fyeri Ad\u0131 <span class=\"wpcf7-form-control-wrap\" data-name=\"oncekiisyeriadi\"><input size=\"40\" maxlength=\"400\" class=\"wpcf7-form-control wpcf7-text\" aria-invalid=\"false\" value=\"\" type=\"text\" name=\"oncekiisyeriadi\" \/><\/span> <\/label>\n<\/p>\n<p><label> G\u00f6revi <span class=\"wpcf7-form-control-wrap\" data-name=\"gorevi\"><input size=\"40\" maxlength=\"400\" class=\"wpcf7-form-control wpcf7-text\" aria-invalid=\"false\" value=\"\" type=\"text\" name=\"gorevi\" \/><\/span> <\/label>\n<\/p>\n<p><label> Ba\u015flama Tarihi <span class=\"wpcf7-form-control-wrap\" data-name=\"baslama\"><input class=\"wpcf7-form-control wpcf7-date wpcf7-validates-as-date\" aria-invalid=\"false\" value=\"\" type=\"date\" name=\"baslama\" \/><\/span> <\/label>\n<\/p>\n<p><label> Ayr\u0131lma Tarihi <span class=\"wpcf7-form-control-wrap\" data-name=\"ayrilma\"><input class=\"wpcf7-form-control wpcf7-date wpcf7-validates-as-date\" aria-invalid=\"false\" value=\"\" type=\"date\" name=\"ayrilma\" \/><\/span> <\/label>\n<\/p>\n<p><label> Ayr\u0131lma Nedeni <span class=\"wpcf7-form-control-wrap\" data-name=\"ayrilmaneden\"><textarea cols=\"40\" rows=\"10\" maxlength=\"2000\" class=\"wpcf7-form-control wpcf7-textarea\" aria-invalid=\"false\" name=\"ayrilmaneden\">Bir ka\u00e7 c\u00fcmle ile a\u00e7\u0131klayabilirsiniz.<\/textarea><\/span> <\/label>\n<\/p>\n<p><label><span class=\"wpcf7-form-control-wrap\" data-name=\"kvkkonay\"><span class=\"wpcf7-form-control wpcf7-acceptance\"><span class=\"wpcf7-list-item\"><label><input type=\"checkbox\" name=\"kvkkonay\" value=\"1\" aria-invalid=\"false\" \/><span class=\"wpcf7-list-item-label\">\u0130\u015f ba\u015fvuru formunda payla\u015faca\u011f\u0131n\u0131z t\u00fcm ki\u015fisel bilgileriniz i\u015f ba\u015fvurusu ve de\u011ferlendirme s\u00fcre\u00e7lerinde taraf\u0131m\u0131zca i\u015flenecektir. Ki\u015fisel verilerin korunmas\u0131 kanunu (KVKK) ayd\u0131nlatma metnine <a href=\"https:\/\/everestkapi.com.tr\/kisisel-verilerin-korunmasi\/\"><strong>buradan<\/strong><\/a> ula\u015fabilirsiniz.<\/span><\/label><\/span><\/span><\/span><\/label>\n<\/p>\n<p><span class=\"wpcf7-form-control-wrap\" data-name=\"basvurukvkk\"><span class=\"wpcf7-form-control wpcf7-acceptance\"><span class=\"wpcf7-list-item\"><label><input type=\"checkbox\" name=\"basvurukvkk\" value=\"1\" aria-invalid=\"false\" \/><span class=\"wpcf7-list-item-label\">Ki\u015fisel Verilerin korunmas\u0131 kanununa (KVKK) kapsam\u0131nda yap\u0131lan <a href=\"https:\/\/everestkapi.com.tr\/kisisel-verilerin-korunmasi\/\"><strong>bilgilendirmeyi<\/strong><\/a> okudum, anlad\u0131m ve kabul ediyorum.<\/span><\/label><\/span><\/span><\/span>\n<\/p>\n<p><span class=\"wpcf7-form-control-wrap\" data-name=\"kabuldogrubilgiler\"><span class=\"wpcf7-form-control wpcf7-acceptance\"><span class=\"wpcf7-list-item\"><label><input type=\"checkbox\" name=\"kabuldogrubilgiler\" value=\"1\" aria-invalid=\"false\" \/><span class=\"wpcf7-list-item-label\">\u0130\u015f ba\u015fvuru formunda doldurdu\u011fum bilgilerin tamam\u0131 taraf\u0131mdan do\u011fru olarak doldurulmu\u015ftur. Ba\u015fvurumun de\u011ferlendirilmesi amac\u0131yla ki\u015fisel veya i\u015fle ilgili konular i\u00e7in referanslardan veya di\u011fer ilgili ki\u015filerden yap\u0131lacak ara\u015ft\u0131rmalar yap\u0131lmas\u0131 ad\u0131na \u015firketinize yetki veriyorum. \u0130\u015f ba\u015fvurumun kabul edilmesi halinde Everest \u015firketinin y\u00f6netmelik ve talimatlar\u0131na uymay\u0131 ve bu formda verdi\u011fim herhangi bir yanl\u0131\u015f\/eksik bilgi nedeniyle i\u015f s\u00f6zle\u015fmemin bildirimsiz ve tazminats\u0131z fesih edilece\u011fini biliyor ve kabul ediyorum.<\/span><\/label><\/span><\/span><\/span>\n<\/p>\n<p><input class=\"wpcf7-form-control wpcf7-submit has-spinner\" type=\"submit\" value=\"Formu G\u00f6nder\" \/>\n<\/p><div class=\"fusion-alert alert custom alert-custom fusion-alert-center wpcf7-response-output fusion-alert-capitalize awb-alert-native-link-color alert-dismissable awb-alert-close-boxed\" style=\"--awb-border-size:1px;--awb-border-top-left-radius:0px;--awb-border-top-right-radius:0px;--awb-border-bottom-left-radius:0px;--awb-border-bottom-right-radius:0px;\" role=\"alert\"><div class=\"fusion-alert-content-wrapper\"><span class=\"fusion-alert-content\"><\/span><\/div><button type=\"button\" class=\"close toggle-alert\" data-dismiss=\"alert\" aria-label=\"Close\">&times;<\/button><\/div>\n<\/form>\n<\/div>\n<div class=\"fusion-clearfix\"><\/div><\/div><\/div><\/div><\/div><\/p>","protected":false},"excerpt":{"rendered":"","protected":false},"author":1,"featured_media":0,"parent":0,"menu_order":0,"comment_status":"closed","ping_status":"closed","template":"","meta":{"footnotes":""},"class_list":["post-13127","page","type-page","status-publish","hentry"],"_links":{"self":[{"href":"https:\/\/everestkapi.com.tr\/ar\/wp-json\/wp\/v2\/pages\/13127","targetHints":{"allow":["GET"]}}],"collection":[{"href":"https:\/\/everestkapi.com.tr\/ar\/wp-json\/wp\/v2\/pages"}],"about":[{"href":"https:\/\/everestkapi.com.tr\/ar\/wp-json\/wp\/v2\/types\/page"}],"author":[{"embeddable":true,"href":"https:\/\/everestkapi.com.tr\/ar\/wp-json\/wp\/v2\/users\/1"}],"replies":[{"embeddable":true,"href":"https:\/\/everestkapi.com.tr\/ar\/wp-json\/wp\/v2\/comments?post=13127"}],"version-history":[{"count":11,"href":"https:\/\/everestkapi.com.tr\/ar\/wp-json\/wp\/v2\/pages\/13127\/revisions"}],"predecessor-version":[{"id":14465,"href":"https:\/\/everestkapi.com.tr\/ar\/wp-json\/wp\/v2\/pages\/13127\/revisions\/14465"}],"wp:attachment":[{"href":"https:\/\/everestkapi.com.tr\/ar\/wp-json\/wp\/v2\/media?parent=13127"}],"curies":[{"name":"wp","href":"https:\/\/api.w.org\/{rel}","templated":true}]}}